{"id":2160,"date":"2024-03-12T06:05:49","date_gmt":"2024-03-12T06:05:49","guid":{"rendered":"https:\/\/torindustry.com\/about-us\/"},"modified":"2024-05-15T08:03:57","modified_gmt":"2024-05-15T08:03:57","slug":"hakkimizda","status":"publish","type":"page","link":"https:\/\/torindustry.com\/tr\/hakkimizda\/","title":{"rendered":"Hakk\u0131m\u0131zda"},"content":{"rendered":"\t\t<div data-elementor-type=\"wp-page\" data-elementor-id=\"2160\" class=\"elementor elementor-2160 elementor-595\" data-elementor-post-type=\"page\">\n\t\t\t\t\t\t\t<div class=\"elementor-element elementor-element-71fa5e46 e-flex e-con-boxed e-con e-parent\" data-id=\"71fa5e46\" data-element_type=\"container\" data-settings=\"{&quot;background_background&quot;:&quot;classic&quot;,&quot;content_width&quot;:&quot;boxed&quot;}\" data-core-v316-plus=\"true\">\n\t\t\t\t\t<div class=\"e-con-inner\">\n\t\t<div class=\"elementor-element elementor-element-7cf6d42b e-con-full e-flex e-con e-child\" data-id=\"7cf6d42b\" data-element_type=\"container\" data-settings=\"{&quot;content_width&quot;:&quot;full&quot;}\">\n\t\t<div class=\"elementor-element elementor-element-4035d15b e-con-full e-flex e-con e-child\" data-id=\"4035d15b\" data-element_type=\"container\" data-settings=\"{&quot;content_width&quot;:&quot;full&quot;}\">\n\t\t\t\t<\/div>\n\t\t\t\t<\/div>\n\t\t\t\t\t<\/div>\n\t\t\t\t<\/div>\n\t\t<div class=\"elementor-element elementor-element-30e0cb10 e-flex e-con-boxed e-con e-parent\" data-id=\"30e0cb10\" data-element_type=\"container\" data-settings=\"{&quot;background_background&quot;:&quot;classic&quot;,&quot;content_width&quot;:&quot;boxed&quot;}\" data-core-v316-plus=\"true\">\n\t\t\t\t\t<div class=\"e-con-inner\">\n\t\t<div class=\"elementor-element elementor-element-79538548 e-con-full e-flex e-con e-child\" data-id=\"79538548\" data-element_type=\"container\" data-settings=\"{&quot;content_width&quot;:&quot;full&quot;}\">\n\t\t<div class=\"elementor-element elementor-element-3548f1fd e-con-full e-flex elementor-invisible e-con e-child\" data-id=\"3548f1fd\" data-element_type=\"container\" data-settings=\"{&quot;animation_mobile&quot;:&quot;none&quot;,&quot;animation&quot;:&quot;slideInUp&quot;,&quot;content_width&quot;:&quot;full&quot;}\">\n\t\t\t\t<div class=\"elementor-element elementor-element-7d465395 elementor-widget elementor-widget-heading\" data-id=\"7d465395\" data-element_type=\"widget\" data-widget_type=\"heading.default\">\n\t\t\t\t<div class=\"elementor-widget-container\">\n\t\t\t<style>\/*! elementor - v3.18.0 - 08-12-2023 *\/\n.elementor-heading-title{padding:0;margin:0;line-height:1}.elementor-widget-heading .elementor-heading-title[class*=elementor-size-]>a{color:inherit;font-size:inherit;line-height:inherit}.elementor-widget-heading .elementor-heading-title.elementor-size-small{font-size:15px}.elementor-widget-heading .elementor-heading-title.elementor-size-medium{font-size:19px}.elementor-widget-heading .elementor-heading-title.elementor-size-large{font-size:29px}.elementor-widget-heading .elementor-heading-title.elementor-size-xl{font-size:39px}.elementor-widget-heading .elementor-heading-title.elementor-size-xxl{font-size:59px}<\/style><h5 class=\"elementor-heading-title elementor-size-default\">TOR INDUSTRY<\/h5>\t\t<\/div>\n\t\t\t\t<\/div>\n\t\t\t\t<div class=\"elementor-element elementor-element-58138dd5 elementor-widget elementor-widget-heading\" data-id=\"58138dd5\" data-element_type=\"widget\" data-widget_type=\"heading.default\">\n\t\t\t\t<div class=\"elementor-widget-container\">\n\t\t\t<h2 class=\"elementor-heading-title elementor-size-default\">Hakk\u0131m\u0131zda<\/h2>\t\t<\/div>\n\t\t\t\t<\/div>\n\t\t\t\t<\/div>\n\t\t<div class=\"elementor-element elementor-element-666a5e92 e-con-full e-flex elementor-invisible e-con e-child\" data-id=\"666a5e92\" data-element_type=\"container\" data-settings=\"{&quot;animation_mobile&quot;:&quot;none&quot;,&quot;animation&quot;:&quot;slideInUp&quot;,&quot;content_width&quot;:&quot;full&quot;}\">\n\t\t<div class=\"elementor-element elementor-element-4d22d788 e-con-full e-flex e-con e-child\" data-id=\"4d22d788\" data-element_type=\"container\" data-settings=\"{&quot;content_width&quot;:&quot;full&quot;}\">\n\t\t\t\t<div class=\"elementor-element elementor-element-5e89002e elementor-widget elementor-widget-text-editor\" data-id=\"5e89002e\" data-element_type=\"widget\" data-widget_type=\"text-editor.default\">\n\t\t\t\t<div class=\"elementor-widget-container\">\n\t\t\t<style>\/*! elementor - v3.18.0 - 08-12-2023 *\/\n.elementor-widget-text-editor.elementor-drop-cap-view-stacked .elementor-drop-cap{background-color:#69727d;color:#fff}.elementor-widget-text-editor.elementor-drop-cap-view-framed .elementor-drop-cap{color:#69727d;border:3px solid;background-color:transparent}.elementor-widget-text-editor:not(.elementor-drop-cap-view-default) .elementor-drop-cap{margin-top:8px}.elementor-widget-text-editor:not(.elementor-drop-cap-view-default) .elementor-drop-cap-letter{width:1em;height:1em}.elementor-widget-text-editor .elementor-drop-cap{float:left;text-align:center;line-height:1;font-size:50px}.elementor-widget-text-editor .elementor-drop-cap-letter{display:inline-block}<\/style>\t\t\t\t<p>TOR End\u00fcstri, 2000 y\u0131l\u0131nda Manisa OSB&#8217;deki yeni kamp\u00fcs\u00fcnde yakla\u015f\u0131k 16 bin metrekarelik bir alanda faaliyet g\u00f6stermeye devam ederek, k\u00fcresel grup \u015firketlerine hizmet vermeyi s\u00fcrd\u00fcrmektedir. \u00d6zellikle demiryolu sistemleri, enerji ve savunma end\u00fcstrileri gibi d\u00fcnya genelinde y\u00fckselen trend sekt\u00f6rlerinde m\u00fc\u015fteri beklentilerini kar\u015f\u0131lamak i\u00e7in yetenek ve kapasitesini yap\u0131land\u0131ran TOR End\u00fcstri, mutluluklar\u0131n\u0131 ve ki\u015fisel, sosyal, y\u00f6netimsel ve teknik geli\u015fimlerini \u00f6nceliklendiren \u0130K Y\u00f6netim Sistemi&#8217;ne sahiptir. ve her ge\u00e7en g\u00fcn, faaliyetlerine en son teknolojiyi getiren i\u015f felsefesini benimseyen anlay\u0131\u015f ve k\u00fclt\u00fcr\u00fc ile b\u00f6lgenin ve \u00fclkemizin \u00f6nemli de\u011ferleri aras\u0131nda yerini alm\u0131\u015ft\u0131r.<\/p>\t\t\t\t\t\t<\/div>\n\t\t\t\t<\/div>\n\t\t\t\t<\/div>\n\t\t\t\t<\/div>\n\t\t\t\t<\/div>\n\t\t<div class=\"elementor-element elementor-element-6c874498 e-con-full e-flex e-con e-child\" data-id=\"6c874498\" data-element_type=\"container\" data-settings=\"{&quot;content_width&quot;:&quot;full&quot;}\">\n\t\t<div class=\"elementor-element elementor-element-6563fcc1 e-con-full e-flex e-con e-child\" data-id=\"6563fcc1\" data-element_type=\"container\" data-settings=\"{&quot;content_width&quot;:&quot;full&quot;}\">\n\t\t\t\t<div class=\"elementor-element elementor-element-241f91a0 elementor-widget__width-initial elementor-absolute animated-fast elementor-invisible elementor-widget elementor-widget-spacer\" data-id=\"241f91a0\" data-element_type=\"widget\" data-settings=\"{&quot;_position&quot;:&quot;absolute&quot;,&quot;_animation&quot;:&quot;zoomInDown&quot;}\" data-widget_type=\"spacer.default\">\n\t\t\t\t<div class=\"elementor-widget-container\">\n\t\t\t<style>\/*! elementor - v3.18.0 - 08-12-2023 *\/\n.elementor-column .elementor-spacer-inner{height:var(--spacer-size)}.e-con{--container-widget-width:100%}.e-con-inner>.elementor-widget-spacer,.e-con>.elementor-widget-spacer{width:var(--container-widget-width,var(--spacer-size));--align-self:var(--container-widget-align-self,initial);--flex-shrink:0}.e-con-inner>.elementor-widget-spacer>.elementor-widget-container,.e-con>.elementor-widget-spacer>.elementor-widget-container{height:100%;width:100%}.e-con-inner>.elementor-widget-spacer>.elementor-widget-container>.elementor-spacer,.e-con>.elementor-widget-spacer>.elementor-widget-container>.elementor-spacer{height:100%}.e-con-inner>.elementor-widget-spacer>.elementor-widget-container>.elementor-spacer>.elementor-spacer-inner,.e-con>.elementor-widget-spacer>.elementor-widget-container>.elementor-spacer>.elementor-spacer-inner{height:var(--container-widget-height,var(--spacer-size))}.e-con-inner>.elementor-widget-spacer.elementor-widget-empty,.e-con>.elementor-widget-spacer.elementor-widget-empty{position:relative;min-height:22px;min-width:22px}.e-con-inner>.elementor-widget-spacer.elementor-widget-empty .elementor-widget-empty-icon,.e-con>.elementor-widget-spacer.elementor-widget-empty .elementor-widget-empty-icon{position:absolute;top:0;bottom:0;left:0;right:0;margin:auto;padding:0;width:22px;height:22px}<\/style>\t\t<div class=\"elementor-spacer\">\n\t\t\t<div class=\"elementor-spacer-inner\"><\/div>\n\t\t<\/div>\n\t\t\t\t<\/div>\n\t\t\t\t<\/div>\n\t\t\t\t<div class=\"elementor-element elementor-element-4b1dd2f elementor-widget elementor-widget-image\" data-id=\"4b1dd2f\" data-element_type=\"widget\" data-widget_type=\"image.default\">\n\t\t\t\t<div class=\"elementor-widget-container\">\n\t\t\t<style>\/*! elementor - v3.18.0 - 08-12-2023 *\/\n.elementor-widget-image{text-align:center}.elementor-widget-image a{display:inline-block}.elementor-widget-image a img[src$=\".svg\"]{width:48px}.elementor-widget-image img{vertical-align:middle;display:inline-block}<\/style>\t\t\t\t\t\t\t\t\t\t\t\t<img fetchpriority=\"high\" decoding=\"async\" width=\"897\" height=\"1281\" src=\"https:\/\/torindustry.com\/wp-content\/uploads\/2024\/05\/about.jpg\" class=\"attachment-full size-full wp-image-2486\" alt=\"\" srcset=\"https:\/\/torindustry.com\/wp-content\/uploads\/2024\/05\/about.jpg 897w, https:\/\/torindustry.com\/wp-content\/uploads\/2024\/05\/about-210x300.jpg 210w, https:\/\/torindustry.com\/wp-content\/uploads\/2024\/05\/about-717x1024.jpg 717w, https:\/\/torindustry.com\/wp-content\/uploads\/2024\/05\/about-768x1097.jpg 768w\" sizes=\"(max-width: 897px) 100vw, 897px\" \/>\t\t\t\t\t\t\t\t\t\t\t\t\t\t\t<\/div>\n\t\t\t\t<\/div>\n\t\t\t\t<\/div>\n\t\t\t\t<\/div>\n\t\t\t\t\t<\/div>\n\t\t\t\t<\/div>\n\t\t<div class=\"elementor-element elementor-element-7e35b6ab e-flex e-con-boxed e-con e-parent\" data-id=\"7e35b6ab\" data-element_type=\"container\" data-settings=\"{&quot;background_background&quot;:&quot;classic&quot;,&quot;content_width&quot;:&quot;boxed&quot;}\" data-core-v316-plus=\"true\">\n\t\t\t\t\t<div class=\"e-con-inner\">\n\t\t<div class=\"elementor-element elementor-element-44fb503c e-con-full e-flex elementor-invisible e-con e-child\" data-id=\"44fb503c\" data-element_type=\"container\" data-settings=\"{&quot;content_width&quot;:&quot;full&quot;,&quot;animation&quot;:&quot;slideInUp&quot;,&quot;animation_mobile&quot;:&quot;none&quot;}\">\n\t\t<div class=\"elementor-element elementor-element-7f46cdb9 e-con-full e-flex e-con e-child\" data-id=\"7f46cdb9\" data-element_type=\"container\" data-settings=\"{&quot;content_width&quot;:&quot;full&quot;}\">\n\t\t\t\t<div class=\"elementor-element elementor-element-71d53134 elementor-widget__width-initial elementor-widget elementor-widget-video\" data-id=\"71d53134\" data-element_type=\"widget\" data-settings=\"{&quot;show_image_overlay&quot;:&quot;yes&quot;,&quot;image_overlay&quot;:{&quot;url&quot;:&quot;https:\\\/\\\/torindustry.com\\\/wp-content\\\/uploads\\\/2023\\\/12\\\/transparent.png&quot;,&quot;id&quot;:&quot;39&quot;,&quot;size&quot;:&quot;&quot;},&quot;lightbox&quot;:&quot;yes&quot;,&quot;lightbox_content_animation&quot;:&quot;zoomIn&quot;,&quot;video_type&quot;:&quot;hosted&quot;}\" data-widget_type=\"video.default\">\n\t\t\t\t<div class=\"elementor-widget-container\">\n\t\t\t<style>\/*! elementor - v3.18.0 - 08-12-2023 *\/\n.elementor-widget-video .elementor-widget-container{overflow:hidden;transform:translateZ(0)}.elementor-widget-video .elementor-wrapper{aspect-ratio:var(--video-aspect-ratio)}.elementor-widget-video .elementor-wrapper iframe,.elementor-widget-video .elementor-wrapper video{height:100%;width:100%;display:flex;border:none;background-color:#000}@supports not (aspect-ratio:1\/1){.elementor-widget-video .elementor-wrapper{position:relative;overflow:hidden;height:0;padding-bottom:calc(100% \/ var(--video-aspect-ratio))}.elementor-widget-video .elementor-wrapper iframe,.elementor-widget-video .elementor-wrapper video{position:absolute;top:0;right:0;bottom:0;left:0}}.elementor-widget-video .elementor-open-inline .elementor-custom-embed-image-overlay{position:absolute;top:0;right:0;bottom:0;left:0;background-size:cover;background-position:50%}.elementor-widget-video .elementor-custom-embed-image-overlay{cursor:pointer;text-align:center}.elementor-widget-video .elementor-custom-embed-image-overlay:hover .elementor-custom-embed-play i{opacity:1}.elementor-widget-video .elementor-custom-embed-image-overlay img{display:block;width:100%;aspect-ratio:var(--video-aspect-ratio);-o-object-fit:cover;object-fit:cover;-o-object-position:center center;object-position:center center}@supports not (aspect-ratio:1\/1){.elementor-widget-video .elementor-custom-embed-image-overlay{position:relative;overflow:hidden;height:0;padding-bottom:calc(100% \/ var(--video-aspect-ratio))}.elementor-widget-video .elementor-custom-embed-image-overlay img{position:absolute;top:0;right:0;bottom:0;left:0}}.elementor-widget-video .e-hosted-video .elementor-video{-o-object-fit:cover;object-fit:cover}.e-con-inner>.elementor-widget-video,.e-con>.elementor-widget-video{width:var(--container-widget-width);--flex-grow:var(--container-widget-flex-grow)}<\/style>\t\t<div class=\"e-hosted-video elementor-wrapper elementor-open-lightbox\">\n\t\t\t\t\t\t\t<div class=\"elementor-custom-embed-image-overlay\" data-elementor-open-lightbox=\"yes\" data-elementor-lightbox=\"{&quot;type&quot;:&quot;video&quot;,&quot;videoType&quot;:&quot;hosted&quot;,&quot;url&quot;:&quot;https:\\\/\\\/torindustry.com\\\/wp-content\\\/uploads\\\/2024\\\/03\\\/tordemir.mp4&quot;,&quot;modalOptions&quot;:{&quot;id&quot;:&quot;elementor-lightbox-71d53134&quot;,&quot;entranceAnimation&quot;:&quot;zoomIn&quot;,&quot;entranceAnimation_tablet&quot;:&quot;&quot;,&quot;entranceAnimation_mobile&quot;:&quot;&quot;,&quot;videoAspectRatio&quot;:&quot;169&quot;},&quot;videoParams&quot;:{&quot;preload&quot;:&quot;metadata&quot;,&quot;controlsList&quot;:&quot;nodownload&quot;}}\" data-e-action-hash=\"#elementor-action%3Aaction%3Dlightbox%26settings%3DeyJ0eXBlIjoidmlkZW8iLCJ2aWRlb1R5cGUiOiJob3N0ZWQiLCJ1cmwiOiJodHRwczpcL1wvdG9yaW5kdXN0cnkuY29tXC93cC1jb250ZW50XC91cGxvYWRzXC8yMDI0XC8wM1wvdG9yZGVtaXIubXA0IiwibW9kYWxPcHRpb25zIjp7ImlkIjoiZWxlbWVudG9yLWxpZ2h0Ym94LTcxZDUzMTM0IiwiZW50cmFuY2VBbmltYXRpb24iOiJ6b29tSW4iLCJlbnRyYW5jZUFuaW1hdGlvbl90YWJsZXQiOiIiLCJlbnRyYW5jZUFuaW1hdGlvbl9tb2JpbGUiOiIiLCJ2aWRlb0FzcGVjdFJhdGlvIjoiMTY5In0sInZpZGVvUGFyYW1zIjp7InByZWxvYWQiOiJtZXRhZGF0YSIsImNvbnRyb2xzTGlzdCI6Im5vZG93bmxvYWQifX0%3D\">\n\t\t\t\t\t\t\t\t\t\t\t<img decoding=\"async\" src=\"https:\/\/torindustry.com\/wp-content\/uploads\/elementor\/thumbs\/transparent-qgn9cd124kuttgtk8y5d8upn5lbcs3qt56m50xxx5s.png\" title=\"transparent.png\" alt=\"transparent.png\" loading=\"lazy\" \/>\t\t\t\t\t\t\t\t\t\t\t\t\t\t\t\t<div class=\"elementor-custom-embed-play\" role=\"button\" aria-label=\"Videoyu oynat\" tabindex=\"0\">\n\t\t\t\t\t\t\t<svg aria-hidden=\"true\" class=\"e-font-icon-svg e-eicon-play\" viewBox=\"0 0 1000 1000\" xmlns=\"http:\/\/www.w3.org\/2000\/svg\"><path d=\"M838 162C746 71 633 25 500 25 371 25 258 71 163 162 71 254 25 367 25 500 25 633 71 746 163 837 254 929 367 979 500 979 633 979 746 933 838 837 929 746 975 633 975 500 975 367 929 254 838 162M808 192C892 279 933 379 933 500 933 621 892 725 808 808 725 892 621 938 500 938 379 938 279 896 196 808 113 725 67 621 67 500 67 379 108 279 196 192 279 108 383 62 500 62 621 62 721 108 808 192M438 392V642L642 517 438 392Z\"><\/path><\/svg>\t\t\t\t\t\t\t<span class=\"elementor-screen-only\">Videoyu oynat<\/span>\n\t\t\t\t\t\t<\/div>\n\t\t\t\t\t\t\t\t\t<\/div>\n\t\t\t\t\t<\/div>\n\t\t\t\t<\/div>\n\t\t\t\t<\/div>\n\t\t\t\t<div class=\"elementor-element elementor-element-433558f6 elementor-widget elementor-widget-heading\" data-id=\"433558f6\" data-element_type=\"widget\" data-widget_type=\"heading.default\">\n\t\t\t\t<div class=\"elementor-widget-container\">\n\t\t\t<h2 class=\"elementor-heading-title elementor-size-default\">Fabrikam\u0131z\u0131n D\u00fcnyas\u0131na B\u00fcy\u00fcleyici Bir Bak\u0131\u015f A\u00e7\u0131s\u0131yla G\u00fcc\u00fcn\u00fc Ortaya \u00c7\u0131karma<\/h2>\t\t<\/div>\n\t\t\t\t<\/div>\n\t\t\t\t<\/div>\n\t\t\t\t<\/div>\n\t\t\t\t\t<\/div>\n\t\t\t\t<\/div>\n\t\t<div class=\"elementor-element elementor-element-33f1bec0 e-flex e-con-boxed e-con e-parent\" data-id=\"33f1bec0\" data-element_type=\"container\" data-settings=\"{&quot;background_background&quot;:&quot;classic&quot;,&quot;content_width&quot;:&quot;boxed&quot;}\" data-core-v316-plus=\"true\">\n\t\t\t\t\t<div class=\"e-con-inner\">\n\t\t<div class=\"elementor-element elementor-element-7e56945a animated-fast e-con-full e-flex elementor-invisible e-con e-child\" data-id=\"7e56945a\" data-element_type=\"container\" data-settings=\"{&quot;animation&quot;:&quot;fadeInUp&quot;,&quot;content_width&quot;:&quot;full&quot;}\">\n\t\t<div class=\"elementor-element elementor-element-65b2e914 e-con-full e-flex e-con e-child\" data-id=\"65b2e914\" data-element_type=\"container\" data-settings=\"{&quot;background_background&quot;:&quot;classic&quot;,&quot;content_width&quot;:&quot;full&quot;}\">\n\t\t\t\t<div class=\"elementor-element elementor-element-41173ed6 elementor-boxstretch-yes elementor-view-default elementor-position-top elementor-mobile-position-top elementor-widget elementor-widget-icon-box\" data-id=\"41173ed6\" data-element_type=\"widget\" data-widget_type=\"icon-box.default\">\n\t\t\t\t<div class=\"elementor-widget-container\">\n\t\t\t<link rel=\"stylesheet\" href=\"https:\/\/torindustry.com\/wp-content\/plugins\/elementor\/assets\/css\/widget-icon-box.min.css\">\t\t<div class=\"elementor-icon-box-wrapper\">\n\t\t\t\t\t\t<div class=\"elementor-icon-box-icon\">\n\t\t\t\t<span  class=\"elementor-icon elementor-animation-\">\n\t\t\t\t<svg aria-hidden=\"true\" class=\"e-font-icon-svg e-fas-cubes\" viewBox=\"0 0 512 512\" xmlns=\"http:\/\/www.w3.org\/2000\/svg\"><path d=\"M488.6 250.2L392 214V105.5c0-15-9.3-28.4-23.4-33.7l-100-37.5c-8.1-3.1-17.1-3.1-25.3 0l-100 37.5c-14.1 5.3-23.4 18.7-23.4 33.7V214l-96.6 36.2C9.3 255.5 0 268.9 0 283.9V394c0 13.6 7.7 26.1 19.9 32.2l100 50c10.1 5.1 22.1 5.1 32.2 0l103.9-52 103.9 52c10.1 5.1 22.1 5.1 32.2 0l100-50c12.2-6.1 19.9-18.6 19.9-32.2V283.9c0-15-9.3-28.4-23.4-33.7zM358 214.8l-85 31.9v-68.2l85-37v73.3zM154 104.1l102-38.2 102 38.2v.6l-102 41.4-102-41.4v-.6zm84 291.1l-85 42.5v-79.1l85-38.8v75.4zm0-112l-102 41.4-102-41.4v-.6l102-38.2 102 38.2v.6zm240 112l-85 42.5v-79.1l85-38.8v75.4zm0-112l-102 41.4-102-41.4v-.6l102-38.2 102 38.2v.6z\"><\/path><\/svg>\t\t\t\t<\/span>\n\t\t\t<\/div>\n\t\t\t\t\t\t<div class=\"elementor-icon-box-content\">\n\t\t\t\t<h4 class=\"elementor-icon-box-title\">\n\t\t\t\t\t<span  >\n\t\t\t\t\t\tVizyon\t\t\t\t\t<\/span>\n\t\t\t\t<\/h4>\n\t\t\t\t\t\t\t\t\t<p class=\"elementor-icon-box-description\">\n\t\t\t\t\t\tTOR Industry olarak, demiryolu sistemleri, enerji ve savunma end\u00fcstrilerinde yenilik\u00e7i \u00e7\u00f6z\u00fcmler sunmada k\u00fcresel bir lider olarak kendimizi hayal ediyoruz. M\u00fckemmelli\u011fe olan ba\u011fl\u0131l\u0131\u011f\u0131m\u0131zla y\u00f6nlendirilen ve m\u00fc\u015fterilerimizin de\u011fi\u015fen ihtiya\u00e7lar\u0131n\u0131 kar\u015f\u0131lama konusundaki kararl\u0131l\u0131\u011f\u0131m\u0131zla beslenen, s\u0131n\u0131rlar\u0131 a\u015fmay\u0131, yeni standartlar belirlemeyi ve uluslararas\u0131 i\u015f d\u00fcnyas\u0131nda olumlu de\u011fi\u015fimleri te\u015fvik etmeyi ama\u00e7l\u0131yoruz.\t\t\t\t\t<\/p>\n\t\t\t\t\t\t\t<\/div>\n\t\t<\/div>\n\t\t\t\t<\/div>\n\t\t\t\t<\/div>\n\t\t\t\t<\/div>\n\t\t<div class=\"elementor-element elementor-element-141be125 e-con-full e-flex e-con e-child\" data-id=\"141be125\" data-element_type=\"container\" data-settings=\"{&quot;background_background&quot;:&quot;classic&quot;,&quot;content_width&quot;:&quot;full&quot;}\">\n\t\t\t\t<div class=\"elementor-element elementor-element-319ef274 elementor-boxstretch-yes elementor-view-default elementor-position-top elementor-mobile-position-top elementor-widget elementor-widget-icon-box\" data-id=\"319ef274\" data-element_type=\"widget\" data-widget_type=\"icon-box.default\">\n\t\t\t\t<div class=\"elementor-widget-container\">\n\t\t\t\t\t<div class=\"elementor-icon-box-wrapper\">\n\t\t\t\t\t\t<div class=\"elementor-icon-box-icon\">\n\t\t\t\t<span  class=\"elementor-icon elementor-animation-\">\n\t\t\t\t<i aria-hidden=\"true\" class=\"icon icon-dart-board\"><\/i>\t\t\t\t<\/span>\n\t\t\t<\/div>\n\t\t\t\t\t\t<div class=\"elementor-icon-box-content\">\n\t\t\t\t<h4 class=\"elementor-icon-box-title\">\n\t\t\t\t\t<span  >\n\t\t\t\t\t\tMisyon\t\t\t\t\t<\/span>\n\t\t\t\t<\/h4>\n\t\t\t\t\t\t\t\t\t<p class=\"elementor-icon-box-description\">\n\t\t\t\t\t\tTOR Industry'deki misyonumuz, geni\u015f yeteneklerimizi, kaynaklar\u0131m\u0131z\u0131 ve son teknolojiyi kullanarak m\u00fc\u015fterilerimize s\u00fcrekli \u00fcst\u00fcn de\u011fer sa\u011flarken s\u00fcrd\u00fcr\u00fclebilir b\u00fcy\u00fcmeyi ve geli\u015fmeyi te\u015fvik etmektir. M\u00fc\u015fteri memnuniyetine, \u00e7al\u0131\u015fanlar\u0131n refah\u0131na ve toplumla etkile\u015fime olan kararl\u0131 ba\u011fl\u0131l\u0131\u011f\u0131m\u0131z sayesinde, kal\u0131c\u0131 ortakl\u0131klar kurmay\u0131, k\u00fcresel rekabet g\u00fcc\u00fcn\u00fc art\u0131rmay\u0131 ve b\u00f6lgemizin ve \u00fclkemizin refah\u0131na katk\u0131da bulunmay\u0131 ama\u00e7l\u0131yoruz.\t\t\t\t\t<\/p>\n\t\t\t\t\t\t\t<\/div>\n\t\t<\/div>\n\t\t\t\t<\/div>\n\t\t\t\t<\/div>\n\t\t\t\t<\/div>\n\t\t\t\t<\/div>\n\t\t\t\t\t<\/div>\n\t\t\t\t<\/div>\n\t\t\t\t\t\t\t<\/div>\n\t\t","protected":false},"excerpt":{"rendered":"<p>TOR INDUSTRY Hakk\u0131m\u0131zda TOR End\u00fcstri, 2000 y\u0131l\u0131nda Manisa OSB&#8217;deki yeni kamp\u00fcs\u00fcnde yakla\u015f\u0131k 16 bin metrekarelik bir alanda faaliyet g\u00f6stermeye devam ederek, k\u00fcresel grup \u015firketlerine hizmet vermeyi s\u00fcrd\u00fcrmektedir. \u00d6zellikle demiryolu sistemleri, enerji ve savunma end\u00fcstrileri gibi d\u00fcnya genelinde y\u00fckselen trend sekt\u00f6rlerinde m\u00fc\u015fteri beklentilerini kar\u015f\u0131lamak i\u00e7in yetenek ve kapasitesini yap\u0131land\u0131ran TOR End\u00fcstri, mutluluklar\u0131n\u0131 ve ki\u015fisel, sosyal, y\u00f6netimsel [&hellip;]<\/p>\n","protected":false},"author":1,"featured_media":0,"parent":0,"menu_order":0,"comment_status":"closed","ping_status":"closed","template":"elementor_header_footer","meta":{"footnotes":""},"class_list":["post-2160","page","type-page","status-publish","hentry"],"acf":[],"_links":{"self":[{"href":"https:\/\/torindustry.com\/tr\/wp-json\/wp\/v2\/pages\/2160","targetHints":{"allow":["GET"]}}],"collection":[{"href":"https:\/\/torindustry.com\/tr\/wp-json\/wp\/v2\/pages"}],"about":[{"href":"https:\/\/torindustry.com\/tr\/wp-json\/wp\/v2\/types\/page"}],"author":[{"embeddable":true,"href":"https:\/\/torindustry.com\/tr\/wp-json\/wp\/v2\/users\/1"}],"replies":[{"embeddable":true,"href":"https:\/\/torindustry.com\/tr\/wp-json\/wp\/v2\/comments?post=2160"}],"version-history":[{"count":10,"href":"https:\/\/torindustry.com\/tr\/wp-json\/wp\/v2\/pages\/2160\/revisions"}],"predecessor-version":[{"id":2492,"href":"https:\/\/torindustry.com\/tr\/wp-json\/wp\/v2\/pages\/2160\/revisions\/2492"}],"wp:attachment":[{"href":"https:\/\/torindustry.com\/tr\/wp-json\/wp\/v2\/media?parent=2160"}],"curies":[{"name":"wp","href":"https:\/\/api.w.org\/{rel}","templated":true}]}}