{"id":2195,"date":"2024-03-14T08:57:06","date_gmt":"2024-03-14T08:57:06","guid":{"rendered":"https:\/\/torindustry.com\/customer-relations\/"},"modified":"2024-04-25T06:10:17","modified_gmt":"2024-04-25T06:10:17","slug":"musteri-iliskileri","status":"publish","type":"page","link":"https:\/\/torindustry.com\/tr\/musteri-iliskileri\/","title":{"rendered":"M\u00fc\u015fteri \u0130li\u015fkileri"},"content":{"rendered":"\t\t<div data-elementor-type=\"wp-page\" data-elementor-id=\"2195\" class=\"elementor elementor-2195 elementor-968\" data-elementor-post-type=\"page\">\n\t\t\t\t\t\t\t<div class=\"elementor-element elementor-element-71fa5e46 e-flex e-con-boxed e-con e-parent\" data-id=\"71fa5e46\" data-element_type=\"container\" data-settings=\"{&quot;background_background&quot;:&quot;classic&quot;,&quot;content_width&quot;:&quot;boxed&quot;}\" data-core-v316-plus=\"true\">\n\t\t\t\t\t<div class=\"e-con-inner\">\n\t\t<div class=\"elementor-element elementor-element-7cf6d42b e-con-full e-flex e-con e-child\" data-id=\"7cf6d42b\" data-element_type=\"container\" data-settings=\"{&quot;content_width&quot;:&quot;full&quot;}\">\n\t\t<div class=\"elementor-element elementor-element-4035d15b e-con-full e-flex e-con e-child\" data-id=\"4035d15b\" data-element_type=\"container\" data-settings=\"{&quot;content_width&quot;:&quot;full&quot;}\">\n\t\t\t\t<\/div>\n\t\t\t\t<\/div>\n\t\t\t\t\t<\/div>\n\t\t\t\t<\/div>\n\t\t<div class=\"elementor-element elementor-element-30e0cb10 e-flex e-con-boxed e-con e-parent\" data-id=\"30e0cb10\" data-element_type=\"container\" data-settings=\"{&quot;background_background&quot;:&quot;classic&quot;,&quot;content_width&quot;:&quot;boxed&quot;}\" data-core-v316-plus=\"true\">\n\t\t\t\t\t<div class=\"e-con-inner\">\n\t\t<div class=\"elementor-element elementor-element-79538548 e-con-full e-flex e-con e-child\" data-id=\"79538548\" data-element_type=\"container\" data-settings=\"{&quot;content_width&quot;:&quot;full&quot;}\">\n\t\t<div class=\"elementor-element elementor-element-666a5e92 e-con-full e-flex elementor-invisible e-con e-child\" data-id=\"666a5e92\" data-element_type=\"container\" data-settings=\"{&quot;animation_mobile&quot;:&quot;none&quot;,&quot;animation&quot;:&quot;slideInUp&quot;,&quot;content_width&quot;:&quot;full&quot;}\">\n\t\t<div class=\"elementor-element elementor-element-4d22d788 e-con-full e-flex e-con e-child\" data-id=\"4d22d788\" data-element_type=\"container\" data-settings=\"{&quot;content_width&quot;:&quot;full&quot;}\">\n\t\t\t\t<div class=\"elementor-element elementor-element-e3a1f3a elementor-widget elementor-widget-image\" data-id=\"e3a1f3a\" data-element_type=\"widget\" data-widget_type=\"image.default\">\n\t\t\t\t<div class=\"elementor-widget-container\">\n\t\t\t<style>\/*! elementor - v3.18.0 - 08-12-2023 *\/\n.elementor-widget-image{text-align:center}.elementor-widget-image a{display:inline-block}.elementor-widget-image a img[src$=\".svg\"]{width:48px}.elementor-widget-image img{vertical-align:middle;display:inline-block}<\/style>\t\t\t\t\t\t\t\t\t\t\t\t<img fetchpriority=\"high\" decoding=\"async\" width=\"1240\" height=\"400\" src=\"https:\/\/torindustry.com\/wp-content\/uploads\/2024\/03\/customer-relations.jpg\" class=\"attachment-full size-full wp-image-1061\" alt=\"\" srcset=\"https:\/\/torindustry.com\/wp-content\/uploads\/2024\/03\/customer-relations.jpg 1240w, https:\/\/torindustry.com\/wp-content\/uploads\/2024\/03\/customer-relations-300x97.jpg 300w, https:\/\/torindustry.com\/wp-content\/uploads\/2024\/03\/customer-relations-1024x330.jpg 1024w, https:\/\/torindustry.com\/wp-content\/uploads\/2024\/03\/customer-relations-768x248.jpg 768w\" sizes=\"(max-width: 1240px) 100vw, 1240px\" \/>\t\t\t\t\t\t\t\t\t\t\t\t\t\t\t<\/div>\n\t\t\t\t<\/div>\n\t\t\t\t<div class=\"elementor-element elementor-element-5e89002e elementor-widget elementor-widget-text-editor\" data-id=\"5e89002e\" data-element_type=\"widget\" data-widget_type=\"text-editor.default\">\n\t\t\t\t<div class=\"elementor-widget-container\">\n\t\t\t<style>\/*! elementor - v3.18.0 - 08-12-2023 *\/\n.elementor-widget-text-editor.elementor-drop-cap-view-stacked .elementor-drop-cap{background-color:#69727d;color:#fff}.elementor-widget-text-editor.elementor-drop-cap-view-framed .elementor-drop-cap{color:#69727d;border:3px solid;background-color:transparent}.elementor-widget-text-editor:not(.elementor-drop-cap-view-default) .elementor-drop-cap{margin-top:8px}.elementor-widget-text-editor:not(.elementor-drop-cap-view-default) .elementor-drop-cap-letter{width:1em;height:1em}.elementor-widget-text-editor .elementor-drop-cap{float:left;text-align:center;line-height:1;font-size:50px}.elementor-widget-text-editor .elementor-drop-cap-letter{display:inline-block}<\/style>\t\t\t\t<p>Tor Industry olarak, dikkatli kargo s\u00fcre\u00e7lerimiz ve ki\u015fiselle\u015ftirilmi\u015f hizmetlerimiz arac\u0131l\u0131\u011f\u0131yla en y\u00fcksek m\u00fc\u015fteri memnuniyetini sa\u011flama konusunda kararl\u0131y\u0131z.<\/p><h5><strong>\u00d6zel Nakliye \u00c7\u00f6z\u00fcmleri<\/strong><\/h5><p>\u00d6zelle\u015ftirilmi\u015f Paketleme ve Nakliye Talepleri: Her m\u00fc\u015fterinin benzersiz ihtiya\u00e7lar\u0131n\u0131 kar\u015f\u0131lamak i\u00e7in, bireysel tercihlere \u00f6zel olarak tasarlanm\u0131\u015f bir dizi paketleme y\u00f6ntemi ve nakliye se\u00e7ene\u011fi sunuyoruz (karada, havada, denizde). Planlama ve uygulamam\u0131z, m\u00fc\u015fteri talepleriyle tam olarak uyumlu olacak \u015fekilde tasarlanm\u0131\u015ft\u0131r, b\u00f6ylece ki\u015fiselle\u015ftirilmi\u015f ve verimli bir teslimat deneyimi sa\u011flan\u0131r.<\/p><h5><strong>Problem \u00c7\u00f6zme ve \u0130leti\u015fim<\/strong><\/h5><p>Sorunsuz Belgelendirme ve Takip: Nakliye s\u00fcre\u00e7lerimizde, t\u00fcm belgelerin eksiksiz haz\u0131rlanmas\u0131n\u0131 ve g\u00f6nderim \u00f6ncesinde sunulmas\u0131n\u0131 sa\u011flayarak herhangi bir gecikme veya sorunun \u00f6n\u00fcne ge\u00e7iyoruz. G\u00fcvenilir nakliye ortaklar\u0131m\u0131zdan gelen g\u00fcvenilir takip sistemlerini kullanarak m\u00fc\u015fterilere sevkiyatlar\u0131n\u0131n g\u00fcncel konum bilgilerini sa\u011fl\u0131yoruz. Herhangi bir g\u00fcmr\u00fck veya ilgili sorun durumunda, her zaman m\u00fc\u015fteri tercihlerini g\u00f6z \u00f6n\u00fcnde bulundurarak h\u0131zl\u0131 \u00e7\u00f6z\u00fcmler sunuyoruz.<\/p><h5><strong>\u00d6zel Nakliye \u00c7\u00f6z\u00fcmleri ve Hizmetler<\/strong><\/h5><p>G\u00fcven olu\u015fturuyor ve \u00e7\u00f6z\u00fcm orta\u011f\u0131 olarak hareket ediyoruz, m\u00fc\u015fteri-tedarik\u00e7i ili\u015fkisini zamanla sa\u011flam bir ortakl\u0131\u011fa d\u00f6n\u00fc\u015ft\u00fcr\u00fcyoruz.<\/p><p>Tor Industry&#8217;de, m\u00fc\u015fteri memnuniyetini sa\u011flama ve sadakati geli\u015ftirme konusundaki kararl\u0131l\u0131\u011f\u0131m\u0131z sars\u0131lmazd\u0131r. M\u00fc\u015fterilerimizle uzun s\u00fcreli ili\u015fkiler s\u00fcrd\u00fcrmenin \u00f6nemini anl\u0131yor ve hizmetlerimizle deneyimlerini s\u00fcrekli olarak geli\u015ftirmeye \u00e7al\u0131\u015f\u0131yoruz.<\/p><h5><strong>M\u00fc\u015fteri Memnuniyetinin Sa\u011flanmas\u0131<\/strong><\/h5><ul><li>Zaman\u0131nda ve Kaliteli Teslimatlar: Y\u00fcksek kaliteli \u00fcr\u00fcnlerin zaman\u0131nda teslimat\u0131n\u0131 \u00f6nceliklendiriyor, m\u00fc\u015fterilerimizin ba\u015far\u0131s\u0131 i\u00e7in gerekli teknik gereksinimleri anl\u0131yor ve kar\u015f\u0131l\u0131yoruz.<\/li><li>Proaktif Yakla\u015f\u0131mlar: Revizyonlar veya tekrar i\u015fler gerekti\u011finde proaktif yakla\u015f\u0131mlar benimsiyoruz, m\u00fc\u015fterilerimizin ihtiya\u00e7lar\u0131n\u0131 her zaman etkin bir \u015fekilde kar\u015f\u0131lad\u0131\u011f\u0131m\u0131zdan emin oluyoruz.<\/li><li>\u015eeffaf \u0130leti\u015fim: Ger\u00e7ek, a\u00e7\u0131klay\u0131c\u0131, analitik ve d\u00fcr\u00fcst bir ileti\u015fim tarz\u0131n\u0131 s\u00fcrd\u00fcrerek, m\u00fc\u015fterilerimizin hizmetlerimizden iyi bilgilendirilmi\u015f ve g\u00fcvende olmalar\u0131n\u0131 sa\u011fl\u0131yoruz.<\/li><li>M\u00fc\u015fteri geri bildirim gruplar\u0131 olu\u015fturduk, b\u00f6ylece t\u00fcm geri bildirimlerin 24 saat i\u00e7inde i\u015flenmesini sa\u011fl\u0131yor, m\u00fc\u015fterilerimize zaman\u0131nda yan\u0131t veriyor ve bu i\u00e7g\u00f6r\u00fclerin sistemimiz i\u00e7inde kal\u0131c\u0131 faaliyetler olarak entegre edilmesini sa\u011fl\u0131yoruz.<\/li><\/ul><h5><strong>Referans M\u00fc\u015fterilerimizin Katk\u0131lar\u0131<\/strong><\/h5><p>Referans m\u00fc\u015fterilerimiz, end\u00fcstri i\u00e7g\u00f6r\u00fclerini payla\u015farak ve yeni projeleri tan\u0131tarak s\u00fcrekli iyile\u015ftirme s\u00fcrecimize \u00f6nemli \u00f6l\u00e7\u00fcde katk\u0131 sa\u011flarlar.<\/p><h5><strong>M\u00fc\u015fteri Geri Bildirimlerinin Entegrasyonu <\/strong><\/h5><p>Uygulanabilir \u0130\u00e7g\u00f6r\u00fcler: T\u00fcm geri bildirimlerin 24 saat i\u00e7inde i\u015flenmesini sa\u011flamak i\u00e7in m\u00fc\u015fteri geri bildirim gruplar\u0131 olu\u015fturduk, m\u00fc\u015fterilerimize zaman\u0131nda yan\u0131tlar sa\u011fl\u0131yor ve bu i\u00e7g\u00f6r\u00fcleri sistemimiz i\u00e7inde kal\u0131c\u0131 faaliyetler olarak entegre ediyoruz.<\/p><h5><strong>Esneklik ve M\u00fc\u015fteri \u0130li\u015fkileri Y\u00f6netimi <\/strong><\/h5><p>Esneklik ve M\u00fc\u015fteri \u0130li\u015fkileri Y\u00f6netimi: Her projeden \u00f6\u011freniyor, esnekli\u011fimizi, yan\u0131t h\u0131z\u0131m\u0131z\u0131, m\u00fc\u015fteri ili\u015fkileri y\u00f6netimimizi ve m\u00fc\u015fteri geli\u015fimimizi art\u0131r\u0131yoruz, ayr\u0131ca end\u00fcstri yeniliklerini ve \u00e7e\u015fitli bile\u015fenleri ve uygulamalar\u0131 entegre ediyoruz.<\/p><p>\u00a0<\/p>\t\t\t\t\t\t<\/div>\n\t\t\t\t<\/div>\n\t\t\t\t<\/div>\n\t\t\t\t<\/div>\n\t\t\t\t<\/div>\n\t\t\t\t\t<\/div>\n\t\t\t\t<\/div>\n\t\t\t\t\t\t\t<\/div>\n\t\t","protected":false},"excerpt":{"rendered":"<p>Tor Industry olarak, dikkatli kargo s\u00fcre\u00e7lerimiz ve ki\u015fiselle\u015ftirilmi\u015f hizmetlerimiz arac\u0131l\u0131\u011f\u0131yla en y\u00fcksek m\u00fc\u015fteri memnuniyetini sa\u011flama konusunda kararl\u0131y\u0131z. \u00d6zel Nakliye \u00c7\u00f6z\u00fcmleri \u00d6zelle\u015ftirilmi\u015f Paketleme ve Nakliye Talepleri: Her m\u00fc\u015fterinin benzersiz ihtiya\u00e7lar\u0131n\u0131 kar\u015f\u0131lamak i\u00e7in, bireysel tercihlere \u00f6zel olarak tasarlanm\u0131\u015f bir dizi paketleme y\u00f6ntemi ve nakliye se\u00e7ene\u011fi sunuyoruz (karada, havada, denizde). Planlama ve uygulamam\u0131z, m\u00fc\u015fteri talepleriyle tam olarak uyumlu [&hellip;]<\/p>\n","protected":false},"author":1,"featured_media":0,"parent":0,"menu_order":0,"comment_status":"closed","ping_status":"closed","template":"elementor_header_footer","meta":{"footnotes":""},"class_list":["post-2195","page","type-page","status-publish","hentry"],"acf":[],"_links":{"self":[{"href":"https:\/\/torindustry.com\/tr\/wp-json\/wp\/v2\/pages\/2195","targetHints":{"allow":["GET"]}}],"collection":[{"href":"https:\/\/torindustry.com\/tr\/wp-json\/wp\/v2\/pages"}],"about":[{"href":"https:\/\/torindustry.com\/tr\/wp-json\/wp\/v2\/types\/page"}],"author":[{"embeddable":true,"href":"https:\/\/torindustry.com\/tr\/wp-json\/wp\/v2\/users\/1"}],"replies":[{"embeddable":true,"href":"https:\/\/torindustry.com\/tr\/wp-json\/wp\/v2\/comments?post=2195"}],"version-history":[{"count":7,"href":"https:\/\/torindustry.com\/tr\/wp-json\/wp\/v2\/pages\/2195\/revisions"}],"predecessor-version":[{"id":2202,"href":"https:\/\/torindustry.com\/tr\/wp-json\/wp\/v2\/pages\/2195\/revisions\/2202"}],"wp:attachment":[{"href":"https:\/\/torindustry.com\/tr\/wp-json\/wp\/v2\/media?parent=2195"}],"curies":[{"name":"wp","href":"https:\/\/api.w.org\/{rel}","templated":true}]}}