{"id":2233,"date":"2024-03-15T06:37:14","date_gmt":"2024-03-15T06:37:14","guid":{"rendered":"https:\/\/torindustry.com\/sectors\/"},"modified":"2024-04-25T06:38:15","modified_gmt":"2024-04-25T06:38:15","slug":"sektorler","status":"publish","type":"page","link":"https:\/\/torindustry.com\/tr\/sektorler\/","title":{"rendered":"Sekt\u00f6rler"},"content":{"rendered":"\t\t<div data-elementor-type=\"wp-page\" data-elementor-id=\"2233\" class=\"elementor elementor-2233 elementor-1150\" data-elementor-post-type=\"page\">\n\t\t\t\t\t\t\t<div class=\"elementor-element elementor-element-71fa5e46 e-flex e-con-boxed e-con e-parent\" data-id=\"71fa5e46\" data-element_type=\"container\" data-settings=\"{&quot;background_background&quot;:&quot;classic&quot;,&quot;content_width&quot;:&quot;boxed&quot;}\" data-core-v316-plus=\"true\">\n\t\t\t\t\t<div class=\"e-con-inner\">\n\t\t<div class=\"elementor-element elementor-element-7cf6d42b e-con-full e-flex e-con e-child\" data-id=\"7cf6d42b\" data-element_type=\"container\" data-settings=\"{&quot;content_width&quot;:&quot;full&quot;}\">\n\t\t<div class=\"elementor-element elementor-element-4035d15b e-con-full e-flex e-con e-child\" data-id=\"4035d15b\" data-element_type=\"container\" data-settings=\"{&quot;content_width&quot;:&quot;full&quot;}\">\n\t\t\t\t<\/div>\n\t\t\t\t<\/div>\n\t\t\t\t\t<\/div>\n\t\t\t\t<\/div>\n\t\t<div class=\"elementor-element elementor-element-33f1bec0 e-flex e-con-boxed e-con e-parent\" data-id=\"33f1bec0\" data-element_type=\"container\" data-settings=\"{&quot;background_background&quot;:&quot;classic&quot;,&quot;content_width&quot;:&quot;boxed&quot;}\" data-core-v316-plus=\"true\">\n\t\t\t\t\t<div class=\"e-con-inner\">\n\t\t<div class=\"elementor-element elementor-element-7e56945a animated-fast e-con-full e-flex elementor-invisible e-con e-child\" data-id=\"7e56945a\" data-element_type=\"container\" data-settings=\"{&quot;animation&quot;:&quot;fadeInUp&quot;,&quot;content_width&quot;:&quot;full&quot;}\">\n\t\t<div class=\"elementor-element elementor-element-65b2e914 e-con-full e-flex e-con e-child\" data-id=\"65b2e914\" data-element_type=\"container\" data-settings=\"{&quot;background_background&quot;:&quot;classic&quot;,&quot;content_width&quot;:&quot;full&quot;}\">\n\t\t\t\t<div class=\"elementor-element elementor-element-41173ed6 elementor-boxstretch-yes elementor-view-default elementor-position-top elementor-mobile-position-top elementor-widget elementor-widget-icon-box\" data-id=\"41173ed6\" data-element_type=\"widget\" data-widget_type=\"icon-box.default\">\n\t\t\t\t<div class=\"elementor-widget-container\">\n\t\t\t<link rel=\"stylesheet\" href=\"https:\/\/torindustry.com\/wp-content\/plugins\/elementor\/assets\/css\/widget-icon-box.min.css\">\t\t<div class=\"elementor-icon-box-wrapper\">\n\t\t\t\t\t\t<div class=\"elementor-icon-box-icon\">\n\t\t\t\t<span  class=\"elementor-icon elementor-animation-\">\n\t\t\t\t<svg xmlns=\"http:\/\/www.w3.org\/2000\/svg\" id=\"Capa_1\" viewBox=\"0 0 605.627 605.627\"><g><g clip-rule=\"evenodd\" fill-rule=\"evenodd\"><path d=\"m28.166 523.798-26.609 68.818c-1.141 2.939-.752 6.254 1.026 8.855 1.785 2.601 4.737 4.156 7.892 4.156h115.572c4.335 0 8.122-2.913 9.244-7.095l156.64-586.5c1.358-5.1-1.677-10.347-6.77-11.705-5.1-1.364-10.347 1.67-11.711 6.77l-154.746 579.405h-94.28l21.579-55.807c1.906-4.922-.548-10.461-5.47-12.367-4.921-1.9-10.467.548-12.367 5.47zm200.181-517.682-185.818 480.541c-1.906 4.928.548 10.468 5.47 12.374 4.922 1.9 10.461-.548 12.368-5.476l185.818-480.541c1.906-4.922-.548-10.461-5.47-12.368s-10.462.549-12.368 5.47z\"><\/path><path d=\"m359.443 13.014 221.761 573.489h-94.28l-15.287-57.228c-1.364-5.1-6.605-8.134-11.704-6.77-5.1 1.358-8.134 6.605-6.77 11.704l17.174 64.324c1.122 4.182 4.909 7.095 9.244 7.095h115.572c3.156 0 6.107-1.556 7.892-4.156 1.779-2.601 2.167-5.916 1.026-8.855l-226.791-586.501c-1.906-4.922-7.446-7.376-12.367-5.47-4.922 1.906-7.376 7.446-5.47 12.368zm101.075 474.625-128.341-480.541c-1.364-5.1-6.611-8.135-11.711-6.77-5.094 1.358-8.128 6.605-6.77 11.705l128.342 480.548c1.364 5.094 6.611 8.128 11.711 6.77 5.099-1.366 8.127-6.612 6.769-11.712z\"><\/path><path d=\"m12.802 499.668h580.023c5.279 0 9.562-4.284 9.562-9.562 0-5.272-4.284-9.562-9.562-9.562h-580.023c-5.279 0-9.562 4.29-9.562 9.562 0 5.278 4.284 9.562 9.562 9.562z\"><\/path><path d=\"m61.756 382.196h482.116c5.279 0 9.562-4.284 9.562-9.562 0-5.279-4.284-9.562-9.562-9.562h-482.116c-5.278 0-9.562 4.284-9.562 9.562-.001 5.278 4.283 9.562 9.562 9.562z\"><\/path><path d=\"m100.988 288.038h403.652c5.272 0 9.562-4.284 9.562-9.562 0-5.279-4.29-9.562-9.562-9.562h-403.652c-5.272 0-9.562 4.284-9.562 9.562-.001 5.278 4.289 9.562 9.562 9.562z\"><\/path><path d=\"m133.124 210.919h339.379c5.279 0 9.562-4.284 9.562-9.562 0-5.279-4.284-9.562-9.562-9.562h-339.379c-5.278 0-9.562 4.284-9.562 9.562-.001 5.278 4.283 9.562 9.562 9.562z\"><\/path><path d=\"m165.184 133.992h275.26c5.279 0 9.562-4.29 9.562-9.563 0-5.278-4.284-9.562-9.562-9.562h-275.26c-5.279 0-9.562 4.284-9.562 9.562-.001 5.273 4.283 9.563 9.562 9.563z\"><\/path><path d=\"m190.435 73.385h224.757c5.279 0 9.562-4.284 9.562-9.562s-4.284-9.562-9.562-9.562h-224.757c-5.279 0-9.562 4.284-9.562 9.562s4.284 9.562 9.562 9.562z\"><\/path><\/g><\/g><g><\/g><g><\/g><g><\/g><g><\/g><g><\/g><g><\/g><g><\/g><g><\/g><g><\/g><g><\/g><g><\/g><g><\/g><g><\/g><g><\/g><g><\/g><\/svg>\t\t\t\t<\/span>\n\t\t\t<\/div>\n\t\t\t\t\t\t<div class=\"elementor-icon-box-content\">\n\t\t\t\t<h4 class=\"elementor-icon-box-title\">\n\t\t\t\t\t<span  >\n\t\t\t\t\t\tDemiryolu\t\t\t\t\t<\/span>\n\t\t\t\t<\/h4>\n\t\t\t\t\t\t\t\t\t<p class=\"elementor-icon-box-description\">\n\t\t\t\t\t\tTor Industry, al\u00fcminyum, paslanmaz \u00e7elik ve karbon \u00e7elik malzemeler kullanarak y\u00fcksek h\u0131zl\u0131 ve hafif rayl\u0131 transit sistemler i\u00e7in \u00e7e\u015fitli \u00fcr\u00fcnler \u00fcretmektedir.\t\t\t\t\t<\/p>\n\t\t\t\t\t\t\t<\/div>\n\t\t<\/div>\n\t\t\t\t<\/div>\n\t\t\t\t<\/div>\n\t\t\t\t<\/div>\n\t\t<div class=\"elementor-element elementor-element-141be125 e-con-full e-flex e-con e-child\" data-id=\"141be125\" data-element_type=\"container\" data-settings=\"{&quot;background_background&quot;:&quot;classic&quot;,&quot;content_width&quot;:&quot;full&quot;}\">\n\t\t\t\t<div class=\"elementor-element elementor-element-319ef274 elementor-boxstretch-yes elementor-view-default elementor-position-top elementor-mobile-position-top elementor-widget elementor-widget-icon-box\" data-id=\"319ef274\" data-element_type=\"widget\" data-widget_type=\"icon-box.default\">\n\t\t\t\t<div class=\"elementor-widget-container\">\n\t\t\t\t\t<div class=\"elementor-icon-box-wrapper\">\n\t\t\t\t\t\t<div class=\"elementor-icon-box-icon\">\n\t\t\t\t<span  class=\"elementor-icon elementor-animation-\">\n\t\t\t\t<svg xmlns=\"http:\/\/www.w3.org\/2000\/svg\" id=\"light\" height=\"512\" viewBox=\"0 0 24 24\" width=\"512\"><path d=\"m12 3c-.276 0-.5-.224-.5-.5v-2c0-.276.224-.5.5-.5s.5.224.5.5v2c0 .276-.224.5-.5.5z\"><\/path><path d=\"m18.718 5.782c-.128 0-.256-.049-.354-.146-.195-.195-.195-.512 0-.707l1.414-1.414c.195-.195.512-.195.707 0s.195.512 0 .707l-1.414 1.414c-.097.097-.225.146-.353.146z\"><\/path><path d=\"m23.5 12.5h-2c-.276 0-.5-.224-.5-.5s.224-.5.5-.5h2c.276 0 .5.224.5.5s-.224.5-.5.5z\"><\/path><path d=\"m20.132 20.632c-.128 0-.256-.049-.354-.146l-1.414-1.414c-.195-.195-.195-.512 0-.707s.512-.195.707 0l1.414 1.414c.195.195.195.512 0 .707-.097.097-.225.146-.353.146z\"><\/path><path d=\"m12 24c-.276 0-.5-.224-.5-.5v-2c0-.276.224-.5.5-.5s.5.224.5.5v2c0 .276-.224.5-.5.5z\"><\/path><path d=\"m3.868 20.632c-.128 0-.256-.049-.354-.146-.195-.195-.195-.512 0-.707l1.414-1.414c.195-.195.512-.195.707 0s.195.512 0 .707l-1.414 1.414c-.097.097-.225.146-.353.146z\"><\/path><path d=\"m2.5 12.5h-2c-.276 0-.5-.224-.5-.5s.224-.5.5-.5h2c.276 0 .5.224.5.5s-.224.5-.5.5z\"><\/path><path d=\"m5.282 5.782c-.128 0-.256-.049-.354-.146l-1.413-1.414c-.195-.195-.195-.512 0-.707s.512-.195.707 0l1.414 1.414c.195.195.195.512 0 .707-.098.097-.226.146-.354.146z\"><\/path><path d=\"m10.573 20c-.059 0-.117-.01-.175-.031-.219-.082-.352-.304-.321-.534l.853-6.435h-3.43c-.189 0-.362-.107-.447-.276s-.067-.372.047-.524l6-8c.139-.186.386-.252.597-.16.212.091.335.314.297.542l-.904 5.418h3.41c.184 0 .353.101.44.263s.078.358-.022.513l-5.927 9c-.095.143-.254.224-.418.224zm-2.073-8h3c.145 0 .281.063.376.171.095.107.139.252.12.395l-.641 4.838 4.217-6.404h-3.072c-.147 0-.286-.064-.382-.177-.095-.112-.136-.261-.111-.405l.663-3.978z\"><\/path><\/svg>\t\t\t\t<\/span>\n\t\t\t<\/div>\n\t\t\t\t\t\t<div class=\"elementor-icon-box-content\">\n\t\t\t\t<h4 class=\"elementor-icon-box-title\">\n\t\t\t\t\t<span  >\n\t\t\t\t\t\tEnerji\t\t\t\t\t<\/span>\n\t\t\t\t<\/h4>\n\t\t\t\t\t\t\t\t\t<p class=\"elementor-icon-box-description\">\n\t\t\t\t\t\tTor Industry works to meet modern energy needs by offering various services in the energy sector. Specializing in infrastructure projects for solar energy, wind energy, and other renewable energy sources, the company addresses the demands of the sector. Moreover, it meets industry requirements by providing high-quality equipment and solutions for energy transmission and distribution systems.\t\t\t\t\t<\/p>\n\t\t\t\t\t\t\t<\/div>\n\t\t<\/div>\n\t\t\t\t<\/div>\n\t\t\t\t<\/div>\n\t\t\t\t<\/div>\n\t\t\t\t<\/div>\n\t\t<div class=\"elementor-element elementor-element-b7ba8a4 animated-fast e-con-full e-flex elementor-invisible e-con e-child\" data-id=\"b7ba8a4\" data-element_type=\"container\" data-settings=\"{&quot;animation&quot;:&quot;fadeInUp&quot;,&quot;content_width&quot;:&quot;full&quot;}\">\n\t\t<div class=\"elementor-element elementor-element-5dd0b96 e-con-full e-flex e-con e-child\" data-id=\"5dd0b96\" data-element_type=\"container\" data-settings=\"{&quot;background_background&quot;:&quot;classic&quot;,&quot;content_width&quot;:&quot;full&quot;}\">\n\t\t\t\t<div class=\"elementor-element elementor-element-660c6d1 elementor-boxstretch-yes elementor-view-default elementor-position-top elementor-mobile-position-top elementor-widget elementor-widget-icon-box\" data-id=\"660c6d1\" data-element_type=\"widget\" data-widget_type=\"icon-box.default\">\n\t\t\t\t<div class=\"elementor-widget-container\">\n\t\t\t\t\t<div class=\"elementor-icon-box-wrapper\">\n\t\t\t\t\t\t<div class=\"elementor-icon-box-icon\">\n\t\t\t\t<span  class=\"elementor-icon elementor-animation-\">\n\t\t\t\t<svg aria-hidden=\"true\" class=\"e-font-icon-svg e-fas-shield-alt\" viewBox=\"0 0 512 512\" xmlns=\"http:\/\/www.w3.org\/2000\/svg\"><path d=\"M466.5 83.7l-192-80a48.15 48.15 0 0 0-36.9 0l-192 80C27.7 91.1 16 108.6 16 128c0 198.5 114.5 335.7 221.5 380.3 11.8 4.9 25.1 4.9 36.9 0C360.1 472.6 496 349.3 496 128c0-19.4-11.7-36.9-29.5-44.3zM256.1 446.3l-.1-381 175.9 73.3c-3.3 151.4-82.1 261.1-175.8 307.7z\"><\/path><\/svg>\t\t\t\t<\/span>\n\t\t\t<\/div>\n\t\t\t\t\t\t<div class=\"elementor-icon-box-content\">\n\t\t\t\t<h4 class=\"elementor-icon-box-title\">\n\t\t\t\t\t<span  >\n\t\t\t\t\t\tSavunma\t\t\t\t\t<\/span>\n\t\t\t\t<\/h4>\n\t\t\t\t\t\t\t\t\t<p class=\"elementor-icon-box-description\">\n\t\t\t\t\t\tSavunma sekt\u00f6r\u00fcnde, Tor Industry yenilik\u00e7i ve g\u00fcvenilir \u00e7\u00f6z\u00fcmler sunmaktad\u0131r. Savunma end\u00fcstrisinin taleplerini kar\u015f\u0131lamak \u00fczere \u00f6zel olarak tasarlanm\u0131\u015f y\u00fcksek teknoloji \u00fcr\u00fcnleri ve savunma sistemleri geli\u015ftirir. Ayr\u0131ca, savunma sekt\u00f6r\u00fcn\u00fcn \u00e7e\u015fitli \u00fcr\u00fcnlerinde faaliyet g\u00f6stermektedir.\t\t\t\t\t<\/p>\n\t\t\t\t\t\t\t<\/div>\n\t\t<\/div>\n\t\t\t\t<\/div>\n\t\t\t\t<\/div>\n\t\t\t\t<\/div>\n\t\t<div class=\"elementor-element elementor-element-f54a419 e-con-full e-flex e-con e-child\" data-id=\"f54a419\" data-element_type=\"container\" data-settings=\"{&quot;background_background&quot;:&quot;classic&quot;,&quot;content_width&quot;:&quot;full&quot;}\">\n\t\t\t\t<div class=\"elementor-element elementor-element-f55c88c elementor-boxstretch-yes elementor-view-default elementor-position-top elementor-mobile-position-top elementor-widget elementor-widget-icon-box\" data-id=\"f55c88c\" data-element_type=\"widget\" data-widget_type=\"icon-box.default\">\n\t\t\t\t<div class=\"elementor-widget-container\">\n\t\t\t\t\t<div class=\"elementor-icon-box-wrapper\">\n\t\t\t\t\t\t<div class=\"elementor-icon-box-icon\">\n\t\t\t\t<span  class=\"elementor-icon elementor-animation-\">\n\t\t\t\t<svg xmlns=\"http:\/\/www.w3.org\/2000\/svg\" id=\"Capa_1\" height=\"512\" viewBox=\"0 0 508.722 508.722\" width=\"512\"><path d=\"m494.405 329.374h-2.683v-16.607c0-7.625-6.204-13.829-13.829-13.829h-14.036l-60.567-60.567c-.258-.258-.534-.484-.817-.697v-82.927h43.713c2.864 0 5.478-1.631 6.737-4.205 1.258-2.573.942-5.638-.816-7.899l-30-38.581c-1.421-1.827-3.606-2.896-5.921-2.896h-15.854l-243.924-96.821c-.237-.095-.48-.178-.729-.249-.079-.023-.159-.038-.239-.058-.149-.037-.298-.076-.45-.104-.144-.027-.288-.044-.432-.062-.089-.011-.177-.026-.267-.034-.176-.016-.35-.022-.525-.025-.05-.001-.099-.007-.15-.007h-.111c-.025 0-.05 0-.074 0h-18.461c-3.889 0-7.133 2.973-7.472 6.847l-7.908 90.514h-50.609c-.247-9.688-8.188-17.498-17.935-17.498h-33.088c-9.902-.001-17.958 8.055-17.958 17.957v53.734c0 9.902 8.056 17.958 17.958 17.958h33.088c9.902 0 17.958-8.056 17.958-17.958v-.612h47.59l-8.904 296.251h-6.843c-14.802 0-26.844 12.042-26.844 26.844v19.574c0 4.142 3.358 7.5 7.5 7.5h13.465c4.142 0 7.5-3.358 7.5-7.5s-3.358-7.5-7.5-7.5h-5.965v-12.074c0-6.531 5.313-11.844 11.844-11.844h22.174 72.764c6.531 0 11.844 5.313 11.844 11.844v12.074h-82.662c-4.142 0-7.5 3.358-7.5 7.5s3.358 7.5 7.5 7.5h90.162c4.142 0 7.5-3.358 7.5-7.5v-19.574c0-14.802-12.042-26.844-26.844-26.844h-14.855l-8.904-296.251h41.476v37.407c0 10.718 8.72 19.438 19.438 19.438h57.543c10.718 0 19.438-8.72 19.438-19.438v-37.407h77.549v82.3c-.643.341-1.248.781-1.79 1.323l-60.567 60.567h-15.063c-7.625 0-13.829 6.204-13.829 13.829v16.607h-6.983c-7.895 0-14.317 6.422-14.317 14.317v14.108c0 7.894 6.422 14.316 14.317 14.316h20.124c4.142 0 7.5-3.358 7.5-7.5s-3.358-7.5-7.5-7.5h-19.441v-12.741h203.798v12.741h-154.354c-4.142 0-7.5 3.358-7.5 7.5s3.358 7.5 7.5 7.5h155.04c7.894 0 14.317-6.422 14.317-14.316v-14.108c0-7.894-6.423-14.317-14.317-14.317zm-352.562-310.568h4.9l7.196 82.361h-19.292zm-87.839 136.554c0 1.631-1.327 2.958-2.958 2.958h-33.088c-1.631 0-2.958-1.327-2.958-2.958v-53.734c0-1.631 1.327-2.958 2.958-2.958h33.088c1.631 0 2.958 1.327 2.958 2.958v7.041 38.581zm15-39.193h152c4.142 0 7.5-3.358 7.5-7.5s-3.358-7.5-7.5-7.5h-52.009l-6.851-78.407 197.53 78.407h-108.67c-4.142 0-7.5 3.358-7.5 7.5s3.358 7.5 7.5 7.5h147.849c.014 0 .028.002.042.002.009 0 .017-.002.026-.002h13.595l18.336 23.581h-128.43-81.419-152v-23.581zm60.801 98.358 22.634 16.387-24.128 33.326zm1.301 156.212 31.234-39.022 1.894 63.024zm2.323-87.99 26.346-36.39 1.704 56.712zm-6.098 14.106 27.66 20.039-29.365 36.685zm27.66 109.712-32.165 40.184 1.867-62.134zm-19.429-206.39 21.951-29.111 1.383 46.005zm15.466-45.427-20.233 26.834.806-26.834zm-12.39 296.25 26.3-32.856.987 32.856zm156.286-258.843c0 2.447-1.991 4.438-4.438 4.438h-57.543c-2.447 0-4.438-1.991-4.438-4.438v-37.407h66.419zm147.72 106.783h-40.171v-40.171zm-55.171-41.143v41.144h-41.144zm-76.249 56.143h165.498v15.436h-165.498z\"><\/path><\/svg>\t\t\t\t<\/span>\n\t\t\t<\/div>\n\t\t\t\t\t\t<div class=\"elementor-icon-box-content\">\n\t\t\t\t<h4 class=\"elementor-icon-box-title\">\n\t\t\t\t\t<span  >\n\t\t\t\t\t\t\u0130n\u015faat\t\t\t\t\t<\/span>\n\t\t\t\t<\/h4>\n\t\t\t\t\t\t\t\t\t<p class=\"elementor-icon-box-description\">\n\t\t\t\t\t\tTor Industry, in\u015faat sekt\u00f6r\u00fcnde faaliyet g\u00f6steren \u015firketlere \u00f6zel olarak tasarlanm\u0131\u015f ta\u015f\u0131y\u0131c\u0131 \u015fasi ve beton pompas\u0131 yap\u0131sal kaynak ekipmanlar\u0131 sunmaktad\u0131r. \u015eirket geni\u015f bir portf\u00f6re sahiptir ve m\u00fc\u015fterilerinin beklentilerini kar\u015f\u0131lamak i\u00e7in y\u00fcksek kaliteli malzemeler ve i\u015f\u00e7ilikle projeleri tamamlar. Ayr\u0131ca, \u015firket s\u00fcrd\u00fcr\u00fclebilir \u00e7evre uygulamalar\u0131na \u00f6nem vermektedir.\t\t\t\t\t<\/p>\n\t\t\t\t\t\t\t<\/div>\n\t\t<\/div>\n\t\t\t\t<\/div>\n\t\t\t\t<\/div>\n\t\t\t\t<\/div>\n\t\t\t\t<\/div>\n\t\t\t\t\t<\/div>\n\t\t\t\t<\/div>\n\t\t\t\t\t\t\t<\/div>\n\t\t","protected":false},"excerpt":{"rendered":"<p>Demiryolu Tor Industry, al\u00fcminyum, paslanmaz \u00e7elik ve karbon \u00e7elik malzemeler kullanarak y\u00fcksek h\u0131zl\u0131 ve hafif rayl\u0131 transit sistemler i\u00e7in \u00e7e\u015fitli \u00fcr\u00fcnler \u00fcretmektedir. Enerji Tor Industry works to meet modern energy needs by offering various services in the energy sector. Specializing in infrastructure projects for solar energy, wind energy, and other renewable energy sources, the company [&hellip;]<\/p>\n","protected":false},"author":1,"featured_media":0,"parent":0,"menu_order":0,"comment_status":"closed","ping_status":"closed","template":"elementor_header_footer","meta":{"footnotes":""},"class_list":["post-2233","page","type-page","status-publish","hentry"],"acf":[],"_links":{"self":[{"href":"https:\/\/torindustry.com\/tr\/wp-json\/wp\/v2\/pages\/2233","targetHints":{"allow":["GET"]}}],"collection":[{"href":"https:\/\/torindustry.com\/tr\/wp-json\/wp\/v2\/pages"}],"about":[{"href":"https:\/\/torindustry.com\/tr\/wp-json\/wp\/v2\/types\/page"}],"author":[{"embeddable":true,"href":"https:\/\/torindustry.com\/tr\/wp-json\/wp\/v2\/users\/1"}],"replies":[{"embeddable":true,"href":"https:\/\/torindustry.com\/tr\/wp-json\/wp\/v2\/comments?post=2233"}],"version-history":[{"count":4,"href":"https:\/\/torindustry.com\/tr\/wp-json\/wp\/v2\/pages\/2233\/revisions"}],"predecessor-version":[{"id":2237,"href":"https:\/\/torindustry.com\/tr\/wp-json\/wp\/v2\/pages\/2233\/revisions\/2237"}],"wp:attachment":[{"href":"https:\/\/torindustry.com\/tr\/wp-json\/wp\/v2\/media?parent=2233"}],"curies":[{"name":"wp","href":"https:\/\/api.w.org\/{rel}","templated":true}]}}