{"id":2243,"date":"2024-04-18T07:10:59","date_gmt":"2024-04-18T07:10:59","guid":{"rendered":"https:\/\/torindustry.com\/products\/"},"modified":"2024-04-25T06:42:48","modified_gmt":"2024-04-25T06:42:48","slug":"urunler","status":"publish","type":"page","link":"https:\/\/torindustry.com\/tr\/urunler\/","title":{"rendered":"\u00dcr\u00fcnler"},"content":{"rendered":"\t\t<div data-elementor-type=\"wp-page\" data-elementor-id=\"2243\" class=\"elementor elementor-2243 elementor-2004\" data-elementor-post-type=\"page\">\n\t\t\t\t\t\t\t<div class=\"elementor-element elementor-element-71fa5e46 e-flex e-con-boxed e-con e-parent\" data-id=\"71fa5e46\" data-element_type=\"container\" data-settings=\"{&quot;background_background&quot;:&quot;classic&quot;,&quot;content_width&quot;:&quot;boxed&quot;}\" data-core-v316-plus=\"true\">\n\t\t\t\t\t<div class=\"e-con-inner\">\n\t\t<div class=\"elementor-element elementor-element-7cf6d42b e-con-full e-flex e-con e-child\" data-id=\"7cf6d42b\" data-element_type=\"container\" data-settings=\"{&quot;content_width&quot;:&quot;full&quot;}\">\n\t\t<div class=\"elementor-element elementor-element-4035d15b e-con-full e-flex e-con e-child\" data-id=\"4035d15b\" data-element_type=\"container\" data-settings=\"{&quot;content_width&quot;:&quot;full&quot;}\">\n\t\t\t\t<\/div>\n\t\t\t\t<\/div>\n\t\t\t\t\t<\/div>\n\t\t\t\t<\/div>\n\t\t<div class=\"elementor-element elementor-element-bbae413 e-flex e-con-boxed e-con e-parent\" data-id=\"bbae413\" data-element_type=\"container\" data-settings=\"{&quot;content_width&quot;:&quot;boxed&quot;}\" data-core-v316-plus=\"true\">\n\t\t\t\t\t<div class=\"e-con-inner\">\n\t\t<div class=\"elementor-element elementor-element-1521d31 e-con-full e-flex e-con e-child\" data-id=\"1521d31\" data-element_type=\"container\" data-settings=\"{&quot;content_width&quot;:&quot;full&quot;}\">\n\t\t\t\t<div class=\"elementor-element elementor-element-310e097 elementor-widget elementor-widget-heading\" data-id=\"310e097\" data-element_type=\"widget\" data-widget_type=\"heading.default\">\n\t\t\t\t<div class=\"elementor-widget-container\">\n\t\t\t<style>\/*! elementor - v3.18.0 - 08-12-2023 *\/\n.elementor-heading-title{padding:0;margin:0;line-height:1}.elementor-widget-heading .elementor-heading-title[class*=elementor-size-]>a{color:inherit;font-size:inherit;line-height:inherit}.elementor-widget-heading .elementor-heading-title.elementor-size-small{font-size:15px}.elementor-widget-heading .elementor-heading-title.elementor-size-medium{font-size:19px}.elementor-widget-heading .elementor-heading-title.elementor-size-large{font-size:29px}.elementor-widget-heading .elementor-heading-title.elementor-size-xl{font-size:39px}.elementor-widget-heading .elementor-heading-title.elementor-size-xxl{font-size:59px}<\/style><h2 class=\"elementor-heading-title elementor-size-default\">Tor Industry \u00dcr\u00fcn Yelpazesi:<\/h2>\t\t<\/div>\n\t\t\t\t<\/div>\n\t\t\t\t<div class=\"elementor-element elementor-element-e70777a elementor-widget elementor-widget-text-editor\" data-id=\"e70777a\" data-element_type=\"widget\" data-widget_type=\"text-editor.default\">\n\t\t\t\t<div class=\"elementor-widget-container\">\n\t\t\t<style>\/*! elementor - v3.18.0 - 08-12-2023 *\/\n.elementor-widget-text-editor.elementor-drop-cap-view-stacked .elementor-drop-cap{background-color:#69727d;color:#fff}.elementor-widget-text-editor.elementor-drop-cap-view-framed .elementor-drop-cap{color:#69727d;border:3px solid;background-color:transparent}.elementor-widget-text-editor:not(.elementor-drop-cap-view-default) .elementor-drop-cap{margin-top:8px}.elementor-widget-text-editor:not(.elementor-drop-cap-view-default) .elementor-drop-cap-letter{width:1em;height:1em}.elementor-widget-text-editor .elementor-drop-cap{float:left;text-align:center;line-height:1;font-size:50px}.elementor-widget-text-editor .elementor-drop-cap-letter{display:inline-block}<\/style>\t\t\t\t<ul><li>HVAC Dolaplar\u0131<\/li><li>Y\u00fcksek H\u0131zl\u0131 Tren \u0130\u00e7 ve D\u0131\u015f Par\u00e7alar\u0131<\/li><li>Transformat\u00f6r Kafesleri<\/li><li>Kompres\u00f6r Kafesleri<\/li><li>Elektrikli \u00c7oklu \u00dcniteler (EMU) Dolaplar\u0131<\/li><li>Y\u00fcksek H\u0131zl\u0131 Trenler i\u00e7in Fren Par\u00e7alar\u0131<\/li><li>Kum Kutular\u0131<\/li><li>Y\u00fcksek Bas\u0131n\u00e7l\u0131 Kaynakl\u0131 Hava Borular\u0131<\/li><li>Paslanmaz \u00c7elik, Karbon \u00c7elik ve Al\u00fcminyum Kafes Yap\u0131lar<\/li><li>Hava Kanallar\u0131<\/li><li>Yard\u0131mc\u0131 G\u00fc\u00e7 \u00dcnitesi (APU)<\/li><li>G\u00fc\u00e7 Mod\u00fclleri<\/li><li>Batarya Kutular\u0131<\/li><\/ul>\t\t\t\t\t\t<\/div>\n\t\t\t\t<\/div>\n\t\t\t\t<\/div>\n\t\t<div class=\"elementor-element elementor-element-6e49b38 e-con-full e-flex e-con e-child\" data-id=\"6e49b38\" data-element_type=\"container\" data-settings=\"{&quot;content_width&quot;:&quot;full&quot;}\">\n\t\t\t\t<div class=\"elementor-element elementor-element-e3b71c8 elementor-widget elementor-widget-gallery\" data-id=\"e3b71c8\" data-element_type=\"widget\" data-settings=\"{&quot;aspect_ratio&quot;:&quot;4:3&quot;,&quot;lazyload&quot;:&quot;yes&quot;,&quot;gallery_layout&quot;:&quot;grid&quot;,&quot;columns&quot;:4,&quot;columns_tablet&quot;:2,&quot;columns_mobile&quot;:1,&quot;gap&quot;:{&quot;unit&quot;:&quot;px&quot;,&quot;size&quot;:10,&quot;sizes&quot;:[]},&quot;gap_tablet&quot;:{&quot;unit&quot;:&quot;px&quot;,&quot;size&quot;:10,&quot;sizes&quot;:[]},&quot;gap_mobile&quot;:{&quot;unit&quot;:&quot;px&quot;,&quot;size&quot;:10,&quot;sizes&quot;:[]},&quot;link_to&quot;:&quot;file&quot;,&quot;overlay_background&quot;:&quot;yes&quot;,&quot;content_hover_animation&quot;:&quot;fade-in&quot;}\" data-widget_type=\"gallery.default\">\n\t\t\t\t<div class=\"elementor-widget-container\">\n\t\t\t<style>\/*! elementor-pro - v3.17.0 - 01-11-2023 *\/\n.elementor-gallery__container{min-height:1px}.elementor-gallery-item{position:relative;overflow:hidden;display:block;text-decoration:none;border:solid var(--image-border-width) var(--image-border-color);border-radius:var(--image-border-radius)}.elementor-gallery-item__content,.elementor-gallery-item__overlay{height:100%;width:100%;position:absolute;top:0;left:0}.elementor-gallery-item__overlay{mix-blend-mode:var(--overlay-mix-blend-mode);transition-duration:var(--overlay-transition-duration);transition-property:mix-blend-mode,transform,opacity,background-color}.elementor-gallery-item__image.e-gallery-image{transition-duration:var(--image-transition-duration);transition-property:filter,transform}.elementor-gallery-item__content{display:flex;flex-direction:column;justify-content:var(--content-justify-content,center);align-items:center;text-align:var(--content-text-align);padding:var(--content-padding)}.elementor-gallery-item__content>div{transition-duration:var(--content-transition-duration)}.elementor-gallery-item__content.elementor-gallery--sequenced-animation>div:nth-child(2){transition-delay:calc(var(--content-transition-delay) \/ 3)}.elementor-gallery-item__content.elementor-gallery--sequenced-animation>div:nth-child(3){transition-delay:calc(var(--content-transition-delay) \/ 3 * 2)}.elementor-gallery-item__content.elementor-gallery--sequenced-animation>div:nth-child(4){transition-delay:calc(var(--content-transition-delay) \/ 3 * 3)}.elementor-gallery-item__description{color:var(--description-text-color,#fff);width:100%}.elementor-gallery-item__title{color:var(--title-text-color,#fff);font-weight:700;width:100%}.elementor-gallery__titles-container{display:flex;flex-wrap:wrap;justify-content:var(--titles-container-justify-content,center);margin-bottom:20px}.elementor-gallery__titles-container:not(.e--pointer-framed) .elementor-item:after,.elementor-gallery__titles-container:not(.e--pointer-framed) .elementor-item:before{background-color:var(--galleries-pointer-bg-color-hover)}.elementor-gallery__titles-container:not(.e--pointer-framed) .elementor-item.elementor-item-active:after,.elementor-gallery__titles-container:not(.e--pointer-framed) .elementor-item.elementor-item-active:before{background-color:var(--galleries-pointer-bg-color-active)}.elementor-gallery__titles-container.e--pointer-framed .elementor-item:before{border-color:var(--galleries-pointer-bg-color-hover);border-width:var(--galleries-pointer-border-width)}.elementor-gallery__titles-container.e--pointer-framed .elementor-item:after{border-color:var(--galleries-pointer-bg-color-hover)}.elementor-gallery__titles-container.e--pointer-framed .elementor-item.elementor-item-active:after,.elementor-gallery__titles-container.e--pointer-framed .elementor-item.elementor-item-active:before{border-color:var(--galleries-pointer-bg-color-active)}.elementor-gallery__titles-container.e--pointer-framed.e--animation-draw .elementor-item:before{border-left-width:var(--galleries-pointer-border-width);border-bottom-width:var(--galleries-pointer-border-width);border-right-width:0;border-top-width:0}.elementor-gallery__titles-container.e--pointer-framed.e--animation-draw .elementor-item:after{border-left-width:0;border-bottom-width:0;border-right-width:var(--galleries-pointer-border-width);border-top-width:var(--galleries-pointer-border-width)}.elementor-gallery__titles-container.e--pointer-framed.e--animation-corners .elementor-item:before{border-left-width:var(--galleries-pointer-border-width);border-bottom-width:0;border-right-width:0;border-top-width:var(--galleries-pointer-border-width)}.elementor-gallery__titles-container.e--pointer-framed.e--animation-corners .elementor-item:after{border-left-width:0;border-bottom-width:var(--galleries-pointer-border-width);border-right-width:var(--galleries-pointer-border-width);border-top-width:0}.elementor-gallery__titles-container .e--pointer-double-line .elementor-item:after,.elementor-gallery__titles-container .e--pointer-double-line .elementor-item:before,.elementor-gallery__titles-container .e--pointer-overline .elementor-item:before,.elementor-gallery__titles-container .e--pointer-underline .elementor-item:after{height:var(--galleries-pointer-border-width)}.elementor-gallery-title{--space-between:10px;cursor:pointer;color:#6d7882;font-weight:500;position:relative;padding:7px 14px;transition:all .3s}.elementor-gallery-title--active{color:#495157}.elementor-gallery-title:not(:last-child){margin-right:var(--space-between)}.elementor-gallery-item__title+.elementor-gallery-item__description{margin-top:var(--description-margin-top)}.e-gallery-item.elementor-gallery-item{transition-property:all}.e-gallery-item.elementor-animated-content .elementor-animated-item--enter-from-bottom,.e-gallery-item.elementor-animated-content .elementor-animated-item--enter-from-left,.e-gallery-item.elementor-animated-content .elementor-animated-item--enter-from-right,.e-gallery-item.elementor-animated-content .elementor-animated-item--enter-from-top,.e-gallery-item:focus .elementor-gallery__item-overlay-bg,.e-gallery-item:focus .elementor-gallery__item-overlay-content,.e-gallery-item:focus .elementor-gallery__item-overlay-content__description,.e-gallery-item:focus .elementor-gallery__item-overlay-content__title,.e-gallery-item:hover .elementor-gallery__item-overlay-bg,.e-gallery-item:hover .elementor-gallery__item-overlay-content,.e-gallery-item:hover .elementor-gallery__item-overlay-content__description,.e-gallery-item:hover .elementor-gallery__item-overlay-content__title{opacity:1}a.elementor-item.elementor-gallery-title{color:var(--galleries-title-color-normal)}a.elementor-item.elementor-gallery-title.elementor-item-active,a.elementor-item.elementor-gallery-title.highlighted,a.elementor-item.elementor-gallery-title:focus,a.elementor-item.elementor-gallery-title:hover{color:var(--galleries-title-color-hover)}a.elementor-item.elementor-gallery-title.elementor-item-active{color:var(--gallery-title-color-active)}.e-con-inner>.elementor-widget-gallery,.e-con>.elementor-widget-gallery{width:var(--container-widget-width);--flex-grow:var(--container-widget-flex-grow)}<\/style>\t\t<div class=\"elementor-gallery__container\">\n\t\t\t\t\t\t\t<a class=\"e-gallery-item elementor-gallery-item elementor-animated-content\" href=\"https:\/\/torindustry.com\/wp-content\/uploads\/2024\/04\/Ekran-Resmi-2024-04-18-10.16.12.png\" data-elementor-open-lightbox=\"yes\" data-elementor-lightbox-slideshow=\"e3b71c8\" data-elementor-lightbox-title=\"Ekran Resmi 2024-04-18 10.16.12\" data-e-action-hash=\"#elementor-action%3Aaction%3Dlightbox%26settings%3DeyJpZCI6MjAzMiwidXJsIjoiaHR0cHM6XC9cL3RvcmluZHVzdHJ5LmNvbVwvd3AtY29udGVudFwvdXBsb2Fkc1wvMjAyNFwvMDRcL0VrcmFuLVJlc21pLTIwMjQtMDQtMTgtMTAuMTYuMTIucG5nIiwic2xpZGVzaG93IjoiZTNiNzFjOCJ9\">\n\t\t\t\t\t<div class=\"e-gallery-image elementor-gallery-item__image\" data-thumbnail=\"https:\/\/torindustry.com\/wp-content\/uploads\/2024\/04\/Ekran-Resmi-2024-04-18-10.16.12.png\" data-width=\"1256\" data-height=\"868\" aria-label=\"\" role=\"img\" ><\/div>\n\t\t\t\t\t\t\t\t\t\t\t<div class=\"elementor-gallery-item__overlay\"><\/div>\n\t\t\t\t\t\t\t\t\t\t\t\t\t\t<\/a>\n\t\t\t\t\t\t\t<a class=\"e-gallery-item elementor-gallery-item elementor-animated-content\" href=\"https:\/\/torindustry.com\/wp-content\/uploads\/2024\/04\/Ekran-Resmi-2024-04-18-10.17.19.png\" data-elementor-open-lightbox=\"yes\" data-elementor-lightbox-slideshow=\"e3b71c8\" data-elementor-lightbox-title=\"Ekran Resmi 2024-04-18 10.17.19\" data-e-action-hash=\"#elementor-action%3Aaction%3Dlightbox%26settings%3DeyJpZCI6MjAzMCwidXJsIjoiaHR0cHM6XC9cL3RvcmluZHVzdHJ5LmNvbVwvd3AtY29udGVudFwvdXBsb2Fkc1wvMjAyNFwvMDRcL0VrcmFuLVJlc21pLTIwMjQtMDQtMTgtMTAuMTcuMTkucG5nIiwic2xpZGVzaG93IjoiZTNiNzFjOCJ9\">\n\t\t\t\t\t<div class=\"e-gallery-image elementor-gallery-item__image\" data-thumbnail=\"https:\/\/torindustry.com\/wp-content\/uploads\/2024\/04\/Ekran-Resmi-2024-04-18-10.17.19.png\" data-width=\"1466\" data-height=\"954\" aria-label=\"\" role=\"img\" ><\/div>\n\t\t\t\t\t\t\t\t\t\t\t<div class=\"elementor-gallery-item__overlay\"><\/div>\n\t\t\t\t\t\t\t\t\t\t\t\t\t\t<\/a>\n\t\t\t\t\t\t\t<a class=\"e-gallery-item elementor-gallery-item elementor-animated-content\" href=\"https:\/\/torindustry.com\/wp-content\/uploads\/2024\/04\/Ekran-Resmi-2024-04-18-10.15.53.png\" data-elementor-open-lightbox=\"yes\" data-elementor-lightbox-slideshow=\"e3b71c8\" data-elementor-lightbox-title=\"Ekran Resmi 2024-04-18 10.15.53\" data-e-action-hash=\"#elementor-action%3Aaction%3Dlightbox%26settings%3DeyJpZCI6MjAyOCwidXJsIjoiaHR0cHM6XC9cL3RvcmluZHVzdHJ5LmNvbVwvd3AtY29udGVudFwvdXBsb2Fkc1wvMjAyNFwvMDRcL0VrcmFuLVJlc21pLTIwMjQtMDQtMTgtMTAuMTUuNTMucG5nIiwic2xpZGVzaG93IjoiZTNiNzFjOCJ9\">\n\t\t\t\t\t<div class=\"e-gallery-image elementor-gallery-item__image\" data-thumbnail=\"https:\/\/torindustry.com\/wp-content\/uploads\/2024\/04\/Ekran-Resmi-2024-04-18-10.15.53.png\" data-width=\"1512\" data-height=\"1126\" aria-label=\"\" role=\"img\" ><\/div>\n\t\t\t\t\t\t\t\t\t\t\t<div class=\"elementor-gallery-item__overlay\"><\/div>\n\t\t\t\t\t\t\t\t\t\t\t\t\t\t<\/a>\n\t\t\t\t\t\t\t<a class=\"e-gallery-item elementor-gallery-item elementor-animated-content\" href=\"https:\/\/torindustry.com\/wp-content\/uploads\/2024\/04\/Ekran-Resmi-2024-04-18-10.17.15.png\" data-elementor-open-lightbox=\"yes\" data-elementor-lightbox-slideshow=\"e3b71c8\" data-elementor-lightbox-title=\"Ekran Resmi 2024-04-18 10.17.15\" data-e-action-hash=\"#elementor-action%3Aaction%3Dlightbox%26settings%3DeyJpZCI6MjAyNiwidXJsIjoiaHR0cHM6XC9cL3RvcmluZHVzdHJ5LmNvbVwvd3AtY29udGVudFwvdXBsb2Fkc1wvMjAyNFwvMDRcL0VrcmFuLVJlc21pLTIwMjQtMDQtMTgtMTAuMTcuMTUucG5nIiwic2xpZGVzaG93IjoiZTNiNzFjOCJ9\">\n\t\t\t\t\t<div class=\"e-gallery-image elementor-gallery-item__image\" data-thumbnail=\"https:\/\/torindustry.com\/wp-content\/uploads\/2024\/04\/Ekran-Resmi-2024-04-18-10.17.15.png\" data-width=\"1406\" data-height=\"826\" aria-label=\"\" role=\"img\" ><\/div>\n\t\t\t\t\t\t\t\t\t\t\t<div class=\"elementor-gallery-item__overlay\"><\/div>\n\t\t\t\t\t\t\t\t\t\t\t\t\t\t<\/a>\n\t\t\t\t\t\t\t<a class=\"e-gallery-item elementor-gallery-item elementor-animated-content\" href=\"https:\/\/torindustry.com\/wp-content\/uploads\/2024\/04\/Ekran-Resmi-2024-04-18-10.17.11.png\" data-elementor-open-lightbox=\"yes\" data-elementor-lightbox-slideshow=\"e3b71c8\" data-elementor-lightbox-title=\"Ekran Resmi 2024-04-18 10.17.11\" data-e-action-hash=\"#elementor-action%3Aaction%3Dlightbox%26settings%3DeyJpZCI6MjAyNCwidXJsIjoiaHR0cHM6XC9cL3RvcmluZHVzdHJ5LmNvbVwvd3AtY29udGVudFwvdXBsb2Fkc1wvMjAyNFwvMDRcL0VrcmFuLVJlc21pLTIwMjQtMDQtMTgtMTAuMTcuMTEucG5nIiwic2xpZGVzaG93IjoiZTNiNzFjOCJ9\">\n\t\t\t\t\t<div class=\"e-gallery-image elementor-gallery-item__image\" data-thumbnail=\"https:\/\/torindustry.com\/wp-content\/uploads\/2024\/04\/Ekran-Resmi-2024-04-18-10.17.11.png\" data-width=\"1460\" data-height=\"858\" aria-label=\"\" role=\"img\" ><\/div>\n\t\t\t\t\t\t\t\t\t\t\t<div class=\"elementor-gallery-item__overlay\"><\/div>\n\t\t\t\t\t\t\t\t\t\t\t\t\t\t<\/a>\n\t\t\t\t\t\t\t<a class=\"e-gallery-item elementor-gallery-item elementor-animated-content\" href=\"https:\/\/torindustry.com\/wp-content\/uploads\/2024\/04\/Ekran-Resmi-2024-04-18-10.15.06.png\" data-elementor-open-lightbox=\"yes\" data-elementor-lightbox-slideshow=\"e3b71c8\" data-elementor-lightbox-title=\"Ekran Resmi 2024-04-18 10.15.06\" data-e-action-hash=\"#elementor-action%3Aaction%3Dlightbox%26settings%3DeyJpZCI6MjAyMiwidXJsIjoiaHR0cHM6XC9cL3RvcmluZHVzdHJ5LmNvbVwvd3AtY29udGVudFwvdXBsb2Fkc1wvMjAyNFwvMDRcL0VrcmFuLVJlc21pLTIwMjQtMDQtMTgtMTAuMTUuMDYucG5nIiwic2xpZGVzaG93IjoiZTNiNzFjOCJ9\">\n\t\t\t\t\t<div class=\"e-gallery-image elementor-gallery-item__image\" data-thumbnail=\"https:\/\/torindustry.com\/wp-content\/uploads\/2024\/04\/Ekran-Resmi-2024-04-18-10.15.06.png\" data-width=\"1446\" data-height=\"858\" aria-label=\"\" role=\"img\" ><\/div>\n\t\t\t\t\t\t\t\t\t\t\t<div class=\"elementor-gallery-item__overlay\"><\/div>\n\t\t\t\t\t\t\t\t\t\t\t\t\t\t<\/a>\n\t\t\t\t\t\t\t<a class=\"e-gallery-item elementor-gallery-item elementor-animated-content\" href=\"https:\/\/torindustry.com\/wp-content\/uploads\/2024\/04\/Ekran-Resmi-2024-04-18-10.14.57.png\" data-elementor-open-lightbox=\"yes\" data-elementor-lightbox-slideshow=\"e3b71c8\" data-elementor-lightbox-title=\"Ekran Resmi 2024-04-18 10.14.57\" data-e-action-hash=\"#elementor-action%3Aaction%3Dlightbox%26settings%3DeyJpZCI6MjAyMCwidXJsIjoiaHR0cHM6XC9cL3RvcmluZHVzdHJ5LmNvbVwvd3AtY29udGVudFwvdXBsb2Fkc1wvMjAyNFwvMDRcL0VrcmFuLVJlc21pLTIwMjQtMDQtMTgtMTAuMTQuNTcucG5nIiwic2xpZGVzaG93IjoiZTNiNzFjOCJ9\">\n\t\t\t\t\t<div class=\"e-gallery-image elementor-gallery-item__image\" data-thumbnail=\"https:\/\/torindustry.com\/wp-content\/uploads\/2024\/04\/Ekran-Resmi-2024-04-18-10.14.57.png\" data-width=\"1508\" data-height=\"866\" aria-label=\"\" role=\"img\" ><\/div>\n\t\t\t\t\t\t\t\t\t\t\t<div class=\"elementor-gallery-item__overlay\"><\/div>\n\t\t\t\t\t\t\t\t\t\t\t\t\t\t<\/a>\n\t\t\t\t\t\t\t<a class=\"e-gallery-item elementor-gallery-item elementor-animated-content\" href=\"https:\/\/torindustry.com\/wp-content\/uploads\/2024\/04\/Ekran-Resmi-2024-04-18-10.17.02.png\" data-elementor-open-lightbox=\"yes\" data-elementor-lightbox-slideshow=\"e3b71c8\" data-elementor-lightbox-title=\"Ekran Resmi 2024-04-18 10.17.02\" data-e-action-hash=\"#elementor-action%3Aaction%3Dlightbox%26settings%3DeyJpZCI6MjAxOCwidXJsIjoiaHR0cHM6XC9cL3RvcmluZHVzdHJ5LmNvbVwvd3AtY29udGVudFwvdXBsb2Fkc1wvMjAyNFwvMDRcL0VrcmFuLVJlc21pLTIwMjQtMDQtMTgtMTAuMTcuMDIucG5nIiwic2xpZGVzaG93IjoiZTNiNzFjOCJ9\">\n\t\t\t\t\t<div class=\"e-gallery-image elementor-gallery-item__image\" data-thumbnail=\"https:\/\/torindustry.com\/wp-content\/uploads\/2024\/04\/Ekran-Resmi-2024-04-18-10.17.02.png\" data-width=\"1438\" data-height=\"1308\" aria-label=\"\" role=\"img\" ><\/div>\n\t\t\t\t\t\t\t\t\t\t\t<div class=\"elementor-gallery-item__overlay\"><\/div>\n\t\t\t\t\t\t\t\t\t\t\t\t\t\t<\/a>\n\t\t\t\t\t\t\t<a class=\"e-gallery-item elementor-gallery-item elementor-animated-content\" href=\"https:\/\/torindustry.com\/wp-content\/uploads\/2024\/04\/Ekran-Resmi-2024-04-18-10.22.49.png\" data-elementor-open-lightbox=\"yes\" data-elementor-lightbox-slideshow=\"e3b71c8\" data-elementor-lightbox-title=\"Ekran Resmi 2024-04-18 10.22.49\" data-e-action-hash=\"#elementor-action%3Aaction%3Dlightbox%26settings%3DeyJpZCI6MjA0NywidXJsIjoiaHR0cHM6XC9cL3RvcmluZHVzdHJ5LmNvbVwvd3AtY29udGVudFwvdXBsb2Fkc1wvMjAyNFwvMDRcL0VrcmFuLVJlc21pLTIwMjQtMDQtMTgtMTAuMjIuNDkucG5nIiwic2xpZGVzaG93IjoiZTNiNzFjOCJ9\">\n\t\t\t\t\t<div class=\"e-gallery-image elementor-gallery-item__image\" data-thumbnail=\"https:\/\/torindustry.com\/wp-content\/uploads\/2024\/04\/Ekran-Resmi-2024-04-18-10.22.49.png\" data-width=\"1234\" data-height=\"1200\" aria-label=\"\" role=\"img\" ><\/div>\n\t\t\t\t\t\t\t\t\t\t\t<div class=\"elementor-gallery-item__overlay\"><\/div>\n\t\t\t\t\t\t\t\t\t\t\t\t\t\t<\/a>\n\t\t\t\t\t\t\t<a class=\"e-gallery-item elementor-gallery-item elementor-animated-content\" href=\"https:\/\/torindustry.com\/wp-content\/uploads\/2024\/04\/Ekran-Resmi-2024-04-18-10.14.04.png\" data-elementor-open-lightbox=\"yes\" data-elementor-lightbox-slideshow=\"e3b71c8\" data-elementor-lightbox-title=\"Ekran Resmi 2024-04-18 10.14.04\" data-e-action-hash=\"#elementor-action%3Aaction%3Dlightbox%26settings%3DeyJpZCI6MjAxNCwidXJsIjoiaHR0cHM6XC9cL3RvcmluZHVzdHJ5LmNvbVwvd3AtY29udGVudFwvdXBsb2Fkc1wvMjAyNFwvMDRcL0VrcmFuLVJlc21pLTIwMjQtMDQtMTgtMTAuMTQuMDQucG5nIiwic2xpZGVzaG93IjoiZTNiNzFjOCJ9\">\n\t\t\t\t\t<div class=\"e-gallery-image elementor-gallery-item__image\" data-thumbnail=\"https:\/\/torindustry.com\/wp-content\/uploads\/2024\/04\/Ekran-Resmi-2024-04-18-10.14.04.png\" data-width=\"1314\" data-height=\"794\" aria-label=\"\" role=\"img\" ><\/div>\n\t\t\t\t\t\t\t\t\t\t\t<div class=\"elementor-gallery-item__overlay\"><\/div>\n\t\t\t\t\t\t\t\t\t\t\t\t\t\t<\/a>\n\t\t\t\t\t\t\t<a class=\"e-gallery-item elementor-gallery-item elementor-animated-content\" href=\"https:\/\/torindustry.com\/wp-content\/uploads\/2024\/04\/Ekran-Resmi-2024-04-18-10.13.32.png\" data-elementor-open-lightbox=\"yes\" data-elementor-lightbox-slideshow=\"e3b71c8\" data-elementor-lightbox-title=\"Ekran Resmi 2024-04-18 10.13.32\" data-e-action-hash=\"#elementor-action%3Aaction%3Dlightbox%26settings%3DeyJpZCI6MjAxMiwidXJsIjoiaHR0cHM6XC9cL3RvcmluZHVzdHJ5LmNvbVwvd3AtY29udGVudFwvdXBsb2Fkc1wvMjAyNFwvMDRcL0VrcmFuLVJlc21pLTIwMjQtMDQtMTgtMTAuMTMuMzIucG5nIiwic2xpZGVzaG93IjoiZTNiNzFjOCJ9\">\n\t\t\t\t\t<div class=\"e-gallery-image elementor-gallery-item__image\" data-thumbnail=\"https:\/\/torindustry.com\/wp-content\/uploads\/2024\/04\/Ekran-Resmi-2024-04-18-10.13.32.png\" data-width=\"1452\" data-height=\"832\" aria-label=\"\" role=\"img\" ><\/div>\n\t\t\t\t\t\t\t\t\t\t\t<div class=\"elementor-gallery-item__overlay\"><\/div>\n\t\t\t\t\t\t\t\t\t\t\t\t\t\t<\/a>\n\t\t\t\t\t\t\t<a class=\"e-gallery-item elementor-gallery-item elementor-animated-content\" href=\"https:\/\/torindustry.com\/wp-content\/uploads\/2024\/04\/Ekran-Resmi-2024-04-18-10.23.08.png\" data-elementor-open-lightbox=\"yes\" data-elementor-lightbox-slideshow=\"e3b71c8\" data-elementor-lightbox-title=\"Ekran Resmi 2024-04-18 10.23.08\" data-e-action-hash=\"#elementor-action%3Aaction%3Dlightbox%26settings%3DeyJpZCI6MjA0OSwidXJsIjoiaHR0cHM6XC9cL3RvcmluZHVzdHJ5LmNvbVwvd3AtY29udGVudFwvdXBsb2Fkc1wvMjAyNFwvMDRcL0VrcmFuLVJlc21pLTIwMjQtMDQtMTgtMTAuMjMuMDgucG5nIiwic2xpZGVzaG93IjoiZTNiNzFjOCJ9\">\n\t\t\t\t\t<div class=\"e-gallery-image elementor-gallery-item__image\" data-thumbnail=\"https:\/\/torindustry.com\/wp-content\/uploads\/2024\/04\/Ekran-Resmi-2024-04-18-10.23.08.png\" data-width=\"1208\" data-height=\"1174\" aria-label=\"\" role=\"img\" ><\/div>\n\t\t\t\t\t\t\t\t\t\t\t<div class=\"elementor-gallery-item__overlay\"><\/div>\n\t\t\t\t\t\t\t\t\t\t\t\t\t\t<\/a>\n\t\t\t\t\t\t\t<a class=\"e-gallery-item elementor-gallery-item elementor-animated-content\" href=\"https:\/\/torindustry.com\/wp-content\/uploads\/2024\/04\/Ekran-Resmi-2024-04-18-10.16.17.png\" data-elementor-open-lightbox=\"yes\" data-elementor-lightbox-slideshow=\"e3b71c8\" data-elementor-lightbox-title=\"Ekran Resmi 2024-04-18 10.16.17\" data-e-action-hash=\"#elementor-action%3Aaction%3Dlightbox%26settings%3DeyJpZCI6MjAwOCwidXJsIjoiaHR0cHM6XC9cL3RvcmluZHVzdHJ5LmNvbVwvd3AtY29udGVudFwvdXBsb2Fkc1wvMjAyNFwvMDRcL0VrcmFuLVJlc21pLTIwMjQtMDQtMTgtMTAuMTYuMTcucG5nIiwic2xpZGVzaG93IjoiZTNiNzFjOCJ9\">\n\t\t\t\t\t<div class=\"e-gallery-image elementor-gallery-item__image\" data-thumbnail=\"https:\/\/torindustry.com\/wp-content\/uploads\/2024\/04\/Ekran-Resmi-2024-04-18-10.16.17.png\" data-width=\"1450\" data-height=\"1090\" aria-label=\"\" role=\"img\" ><\/div>\n\t\t\t\t\t\t\t\t\t\t\t<div class=\"elementor-gallery-item__overlay\"><\/div>\n\t\t\t\t\t\t\t\t\t\t\t\t\t\t<\/a>\n\t\t\t\t\t<\/div>\n\t\t\t<\/div>\n\t\t\t\t<\/div>\n\t\t\t\t<\/div>\n\t\t\t\t\t<\/div>\n\t\t\t\t<\/div>\n\t\t\t\t\t\t\t<\/div>\n\t\t","protected":false},"excerpt":{"rendered":"<p>Tor Industry \u00dcr\u00fcn Yelpazesi: HVAC Dolaplar\u0131 Y\u00fcksek H\u0131zl\u0131 Tren \u0130\u00e7 ve D\u0131\u015f Par\u00e7alar\u0131 Transformat\u00f6r Kafesleri Kompres\u00f6r Kafesleri Elektrikli \u00c7oklu \u00dcniteler (EMU) Dolaplar\u0131 Y\u00fcksek H\u0131zl\u0131 Trenler i\u00e7in Fren Par\u00e7alar\u0131 Kum Kutular\u0131 Y\u00fcksek Bas\u0131n\u00e7l\u0131 Kaynakl\u0131 Hava Borular\u0131 Paslanmaz \u00c7elik, Karbon \u00c7elik ve Al\u00fcminyum Kafes Yap\u0131lar Hava Kanallar\u0131 Yard\u0131mc\u0131 G\u00fc\u00e7 \u00dcnitesi (APU) G\u00fc\u00e7 Mod\u00fclleri Batarya Kutular\u0131<\/p>\n","protected":false},"author":1,"featured_media":0,"parent":0,"menu_order":0,"comment_status":"closed","ping_status":"closed","template":"elementor_header_footer","meta":{"footnotes":""},"class_list":["post-2243","page","type-page","status-publish","hentry"],"acf":[],"_links":{"self":[{"href":"https:\/\/torindustry.com\/tr\/wp-json\/wp\/v2\/pages\/2243","targetHints":{"allow":["GET"]}}],"collection":[{"href":"https:\/\/torindustry.com\/tr\/wp-json\/wp\/v2\/pages"}],"about":[{"href":"https:\/\/torindustry.com\/tr\/wp-json\/wp\/v2\/types\/page"}],"author":[{"embeddable":true,"href":"https:\/\/torindustry.com\/tr\/wp-json\/wp\/v2\/users\/1"}],"replies":[{"embeddable":true,"href":"https:\/\/torindustry.com\/tr\/wp-json\/wp\/v2\/comments?post=2243"}],"version-history":[{"count":4,"href":"https:\/\/torindustry.com\/tr\/wp-json\/wp\/v2\/pages\/2243\/revisions"}],"predecessor-version":[{"id":2247,"href":"https:\/\/torindustry.com\/tr\/wp-json\/wp\/v2\/pages\/2243\/revisions\/2247"}],"wp:attachment":[{"href":"https:\/\/torindustry.com\/tr\/wp-json\/wp\/v2\/media?parent=2243"}],"curies":[{"name":"wp","href":"https:\/\/api.w.org\/{rel}","templated":true}]}}