{"id":2343,"date":"2024-03-22T12:09:38","date_gmt":"2024-03-22T12:09:38","guid":{"rendered":"https:\/\/torindustry.com\/gdpr\/"},"modified":"2024-04-25T07:27:10","modified_gmt":"2024-04-25T07:27:10","slug":"kvkk","status":"publish","type":"page","link":"https:\/\/torindustry.com\/tr\/kvkk\/","title":{"rendered":"KVKK"},"content":{"rendered":"\t\t<div data-elementor-type=\"wp-page\" data-elementor-id=\"2343\" class=\"elementor elementor-2343 elementor-1706\" data-elementor-post-type=\"page\">\n\t\t\t\t\t\t\t<div class=\"elementor-element elementor-element-71fa5e46 e-flex e-con-boxed e-con e-parent\" data-id=\"71fa5e46\" data-element_type=\"container\" data-settings=\"{&quot;background_background&quot;:&quot;classic&quot;,&quot;content_width&quot;:&quot;boxed&quot;}\" data-core-v316-plus=\"true\">\n\t\t\t\t\t<div class=\"e-con-inner\">\n\t\t<div class=\"elementor-element elementor-element-7cf6d42b e-con-full e-flex e-con e-child\" data-id=\"7cf6d42b\" data-element_type=\"container\" data-settings=\"{&quot;content_width&quot;:&quot;full&quot;}\">\n\t\t<div class=\"elementor-element elementor-element-4035d15b e-con-full e-flex e-con e-child\" data-id=\"4035d15b\" data-element_type=\"container\" data-settings=\"{&quot;content_width&quot;:&quot;full&quot;}\">\n\t\t\t\t<\/div>\n\t\t\t\t<\/div>\n\t\t\t\t\t<\/div>\n\t\t\t\t<\/div>\n\t\t<div class=\"elementor-element elementor-element-30e0cb10 e-flex e-con-boxed e-con e-parent\" data-id=\"30e0cb10\" data-element_type=\"container\" data-settings=\"{&quot;background_background&quot;:&quot;classic&quot;,&quot;content_width&quot;:&quot;boxed&quot;}\" data-core-v316-plus=\"true\">\n\t\t\t\t\t<div class=\"e-con-inner\">\n\t\t<div class=\"elementor-element elementor-element-79538548 e-con-full e-flex e-con e-child\" data-id=\"79538548\" data-element_type=\"container\" data-settings=\"{&quot;content_width&quot;:&quot;full&quot;}\">\n\t\t<div class=\"elementor-element elementor-element-666a5e92 e-con-full e-flex elementor-invisible e-con e-child\" data-id=\"666a5e92\" data-element_type=\"container\" data-settings=\"{&quot;animation_mobile&quot;:&quot;none&quot;,&quot;animation&quot;:&quot;slideInUp&quot;,&quot;content_width&quot;:&quot;full&quot;}\">\n\t\t<div class=\"elementor-element elementor-element-4d22d788 e-con-full e-flex e-con e-child\" data-id=\"4d22d788\" data-element_type=\"container\" data-settings=\"{&quot;content_width&quot;:&quot;full&quot;}\">\n\t\t\t\t<div class=\"elementor-element elementor-element-5e89002e elementor-widget elementor-widget-text-editor\" data-id=\"5e89002e\" data-element_type=\"widget\" data-widget_type=\"text-editor.default\">\n\t\t\t\t<div class=\"elementor-widget-container\">\n\t\t\t<style>\/*! elementor - v3.18.0 - 08-12-2023 *\/\n.elementor-widget-text-editor.elementor-drop-cap-view-stacked .elementor-drop-cap{background-color:#69727d;color:#fff}.elementor-widget-text-editor.elementor-drop-cap-view-framed .elementor-drop-cap{color:#69727d;border:3px solid;background-color:transparent}.elementor-widget-text-editor:not(.elementor-drop-cap-view-default) .elementor-drop-cap{margin-top:8px}.elementor-widget-text-editor:not(.elementor-drop-cap-view-default) .elementor-drop-cap-letter{width:1em;height:1em}.elementor-widget-text-editor .elementor-drop-cap{float:left;text-align:center;line-height:1;font-size:50px}.elementor-widget-text-editor .elementor-drop-cap-letter{display:inline-block}<\/style>\t\t\t\t<p>KVKK&#8217;n\u0131n 6698 say\u0131l\u0131 Kanunu&#8217;nun 13. maddesi ve 10.03.2018 tarihli ve 30356 say\u0131l\u0131 y\u00f6netmelik gere\u011fince, ilgili ki\u015fi olarak, ki\u015fisel verilerin korunmas\u0131 hakk\u0131nda Kanunun 11. maddesinde belirtilen haklar\u0131n\u0131zla ilgili taleplerinizi yaz\u0131l\u0131 olarak \u015firketimizin merkezine, &#8220;Ke\u00e7ilik\u00f6y OSB Mahallesi, \u0130smail Sar\u0131g\u00f6zo\u011flu Caddesi, No:15 Yunusemre\/Manisa&#8221; adresine veya \u015firketimizin kay\u0131tl\u0131 e-posta adresi olan &#8220;tordemir@hs03.kep.tr&#8221; adresine iletebilirsiniz.<\/p><p>Ba\u015fvurunuzda;<\/p><p>&#8211; Ad\u0131n\u0131z, soyad\u0131n\u0131z ve ba\u015fvurunun yaz\u0131l\u0131 olmas\u0131 durumunda imzan\u0131z,<br \/>&#8211; T\u00fcrkiye Cumhuriyeti vatanda\u015flar\u0131 i\u00e7in T\u00fcrkiye Cumhuriyeti kimlik numaras\u0131, yabanc\u0131lar i\u00e7in uyru\u011fu, pasaport numaras\u0131 veya varsa kimlik numaras\u0131,<br \/>&#8211; Bildirim amac\u0131yla ikametgah veya i\u015fyeri adresiniz,<br \/>&#8211; Mevcutsa e-posta adresiniz, telefon ve faks numaran\u0131z,<br \/>&#8211; Talebin konusu,<\/p><p>y\u00f6netmelikte belirtilen 5\/2. madde gere\u011fi bulunmas\u0131 gereken bilgiler aras\u0131nda yer al\u0131r. Maalesef bu bilgilerden bir veya daha fazlas\u0131n\u0131 i\u00e7ermeyen ba\u015fvurular yasal d\u00fczenlemelere uygun olarak i\u015flenememektedir.<\/p><p>KVKK&#8217;n\u0131n 11. maddesi kapsam\u0131nda yapabilece\u011finiz talepler \u015funlard\u0131r:<\/p><p>1. Ki\u015fisel verilerinizin i\u015flenip i\u015flenmedi\u011fini \u00f6\u011frenebilirsiniz.<br \/>2. Ki\u015fisel verileriniz i\u015flenmi\u015fse, bu i\u015fleme ile ilgili bilgi talep edebilirsiniz.<br \/>3. Ki\u015fisel verilerinizin i\u015flenme amac\u0131n\u0131 ve bu ama\u00e7lara uygun kullan\u0131l\u0131p kullan\u0131lmad\u0131\u011f\u0131n\u0131 \u00f6\u011frenebilirsiniz.<br \/>4. Ki\u015fisel verilerinizin yurt i\u00e7inde veya yurt d\u0131\u015f\u0131nda \u00fc\u00e7\u00fcnc\u00fc ki\u015filere aktar\u0131ld\u0131\u011f\u0131 bilgisini alabilirsiniz.<br \/>5. Ki\u015fisel verilerinizin eksik veya yanl\u0131\u015f i\u015flenmi\u015f olmas\u0131 halinde bunlar\u0131n d\u00fczeltilmesini isteyebilirsiniz.<br \/>6. Ki\u015fisel verilerinizin silinmesini veya yok edilmesini talep edebilirsiniz.<br \/>7. Ki\u015fisel verilerinizin d\u00fczeltilmesi, silinmesi veya yok edilmesi taleplerinizin, ki\u015fisel verilerinizin aktar\u0131ld\u0131\u011f\u0131 \u00fc\u00e7\u00fcnc\u00fc ki\u015filere bildirilmesini isteyebilirsiniz.<br \/>8. \u0130\u015flenen ki\u015fisel verilerinizin otomatik sistemler vas\u0131tas\u0131yla analiz edilmesi suretiyle aleyhinize bir sonu\u00e7 \u00e7\u0131kmas\u0131 halinde buna itiraz edebilirsiniz.<br \/>9. Ki\u015fisel verilerinizin hukuka ayk\u0131r\u0131 olarak i\u015flenmesi sonucu zarar g\u00f6rmesi halinde zarar\u0131n giderilmesini talep edebilirsiniz.<\/p>\t\t\t\t\t\t<\/div>\n\t\t\t\t<\/div>\n\t\t\t\t<\/div>\n\t\t\t\t<\/div>\n\t\t\t\t<\/div>\n\t\t\t\t\t<\/div>\n\t\t\t\t<\/div>\n\t\t\t\t\t\t\t<\/div>\n\t\t","protected":false},"excerpt":{"rendered":"<p>KVKK&#8217;n\u0131n 6698 say\u0131l\u0131 Kanunu&#8217;nun 13. maddesi ve 10.03.2018 tarihli ve 30356 say\u0131l\u0131 y\u00f6netmelik gere\u011fince, ilgili ki\u015fi olarak, ki\u015fisel verilerin korunmas\u0131 hakk\u0131nda Kanunun 11. maddesinde belirtilen haklar\u0131n\u0131zla ilgili taleplerinizi yaz\u0131l\u0131 olarak \u015firketimizin merkezine, &#8220;Ke\u00e7ilik\u00f6y OSB Mahallesi, \u0130smail Sar\u0131g\u00f6zo\u011flu Caddesi, No:15 Yunusemre\/Manisa&#8221; adresine veya \u015firketimizin kay\u0131tl\u0131 e-posta adresi olan &#8220;tordemir@hs03.kep.tr&#8221; adresine iletebilirsiniz. Ba\u015fvurunuzda; &#8211; Ad\u0131n\u0131z, soyad\u0131n\u0131z ve [&hellip;]<\/p>\n","protected":false},"author":1,"featured_media":0,"parent":0,"menu_order":0,"comment_status":"closed","ping_status":"closed","template":"","meta":{"footnotes":""},"class_list":["post-2343","page","type-page","status-publish","hentry"],"acf":[],"_links":{"self":[{"href":"https:\/\/torindustry.com\/tr\/wp-json\/wp\/v2\/pages\/2343","targetHints":{"allow":["GET"]}}],"collection":[{"href":"https:\/\/torindustry.com\/tr\/wp-json\/wp\/v2\/pages"}],"about":[{"href":"https:\/\/torindustry.com\/tr\/wp-json\/wp\/v2\/types\/page"}],"author":[{"embeddable":true,"href":"https:\/\/torindustry.com\/tr\/wp-json\/wp\/v2\/users\/1"}],"replies":[{"embeddable":true,"href":"https:\/\/torindustry.com\/tr\/wp-json\/wp\/v2\/comments?post=2343"}],"version-history":[{"count":4,"href":"https:\/\/torindustry.com\/tr\/wp-json\/wp\/v2\/pages\/2343\/revisions"}],"predecessor-version":[{"id":2347,"href":"https:\/\/torindustry.com\/tr\/wp-json\/wp\/v2\/pages\/2343\/revisions\/2347"}],"wp:attachment":[{"href":"https:\/\/torindustry.com\/tr\/wp-json\/wp\/v2\/media?parent=2343"}],"curies":[{"name":"wp","href":"https:\/\/api.w.org\/{rel}","templated":true}]}}