{"id":2348,"date":"2024-03-22T12:12:50","date_gmt":"2024-03-22T12:12:50","guid":{"rendered":"https:\/\/torindustry.com\/camera-illumination-text\/"},"modified":"2024-11-28T08:20:22","modified_gmt":"2024-11-28T08:20:22","slug":"kamera-aydinlatma-metni","status":"publish","type":"page","link":"https:\/\/torindustry.com\/tr\/kamera-aydinlatma-metni\/","title":{"rendered":"Kamera Ayd\u0131nlatma Metni"},"content":{"rendered":"\t\t<div data-elementor-type=\"wp-page\" data-elementor-id=\"2348\" class=\"elementor elementor-2348 elementor-1720\" data-elementor-post-type=\"page\">\n\t\t\t\t\t\t\t<div class=\"elementor-element elementor-element-71fa5e46 e-flex e-con-boxed e-con e-parent\" data-id=\"71fa5e46\" data-element_type=\"container\" data-settings=\"{&quot;background_background&quot;:&quot;classic&quot;,&quot;content_width&quot;:&quot;boxed&quot;}\" data-core-v316-plus=\"true\">\n\t\t\t\t\t<div class=\"e-con-inner\">\n\t\t<div class=\"elementor-element elementor-element-7cf6d42b e-con-full e-flex e-con e-child\" data-id=\"7cf6d42b\" data-element_type=\"container\" data-settings=\"{&quot;content_width&quot;:&quot;full&quot;}\">\n\t\t<div class=\"elementor-element elementor-element-4035d15b e-con-full e-flex e-con e-child\" data-id=\"4035d15b\" data-element_type=\"container\" data-settings=\"{&quot;content_width&quot;:&quot;full&quot;}\">\n\t\t\t\t<\/div>\n\t\t\t\t<\/div>\n\t\t\t\t\t<\/div>\n\t\t\t\t<\/div>\n\t\t<div class=\"elementor-element elementor-element-30e0cb10 e-flex e-con-boxed e-con e-parent\" data-id=\"30e0cb10\" data-element_type=\"container\" data-settings=\"{&quot;background_background&quot;:&quot;classic&quot;,&quot;content_width&quot;:&quot;boxed&quot;}\" data-core-v316-plus=\"true\">\n\t\t\t\t\t<div class=\"e-con-inner\">\n\t\t<div class=\"elementor-element elementor-element-79538548 e-con-full e-flex e-con e-child\" data-id=\"79538548\" data-element_type=\"container\" data-settings=\"{&quot;content_width&quot;:&quot;full&quot;}\">\n\t\t<div class=\"elementor-element elementor-element-666a5e92 e-con-full e-flex elementor-invisible e-con e-child\" data-id=\"666a5e92\" data-element_type=\"container\" data-settings=\"{&quot;animation_mobile&quot;:&quot;none&quot;,&quot;animation&quot;:&quot;slideInUp&quot;,&quot;content_width&quot;:&quot;full&quot;}\">\n\t\t<div class=\"elementor-element elementor-element-4d22d788 e-con-full e-flex e-con e-child\" data-id=\"4d22d788\" data-element_type=\"container\" data-settings=\"{&quot;content_width&quot;:&quot;full&quot;}\">\n\t\t\t\t<div class=\"elementor-element elementor-element-5e89002e elementor-widget elementor-widget-text-editor\" data-id=\"5e89002e\" data-element_type=\"widget\" data-widget_type=\"text-editor.default\">\n\t\t\t\t<div class=\"elementor-widget-container\">\n\t\t\t<style>\/*! elementor - v3.18.0 - 08-12-2023 *\/\n.elementor-widget-text-editor.elementor-drop-cap-view-stacked .elementor-drop-cap{background-color:#69727d;color:#fff}.elementor-widget-text-editor.elementor-drop-cap-view-framed .elementor-drop-cap{color:#69727d;border:3px solid;background-color:transparent}.elementor-widget-text-editor:not(.elementor-drop-cap-view-default) .elementor-drop-cap{margin-top:8px}.elementor-widget-text-editor:not(.elementor-drop-cap-view-default) .elementor-drop-cap-letter{width:1em;height:1em}.elementor-widget-text-editor .elementor-drop-cap{float:left;text-align:center;line-height:1;font-size:50px}.elementor-widget-text-editor .elementor-drop-cap-letter{display:inline-block}<\/style>\t\t\t\t<p><b>1. Veri Sorumlusu<\/b><\/p><p style=\"text-align: justify;\">Bu ayd\u0131nlatma metni veri sorumlusu s\u0131fat\u0131yla hareket eden Tor Industry Metal A.\u015e. taraf\u0131ndan ki\u015fisel verilerinizin i\u015flenmesine ili\u015fkin detayl\u0131 a\u00e7\u0131klama ve bilgilendirmede bulunmak amac\u0131yla 6698 say\u0131l\u0131 KVK Kanununa uygun olarak haz\u0131rlanm\u0131\u015ft\u0131r. Bu kapsamda daha detayl\u0131 bilgiye ula\u015fabilmek i\u00e7in \u201ctorindustry.com\u201d adresinde yer alan tan\u0131t\u0131c\u0131 bilgiler ile ki\u015fisel veri saklama\/imha politikas\u0131n\u0131 ve VERB\u0130S sisteminde yer alan kay\u0131tlar\u0131 inceleyebilirsiniz.<\/p><p style=\"text-align: justify;\"><b>2. Ki\u015fisel Veri \u0130\u015fleme Ama\u00e7lar\u0131<\/b><\/p><p style=\"text-align: justify;\">\u015eirketimiz ortak alanlar\u0131 ve i\u015f yerlerimizde i\u015flenen \u201cfiziksel mekan g\u00fcvenli\u011fi\u201d kategorisine ait kamera g\u00f6r\u00fcnt\u00fc kay\u0131t verisi, olu\u015fabilecek olas\u0131 olumsuzluklar\u0131n tespiti ile g\u00fcvenlik kontrol\u00fc yap\u0131larak ihlallerin giderilebilmesi amac\u0131yla s\u0131n\u0131rl\u0131 olarak i\u015flenmektedir.<\/p><p style=\"text-align: justify;\">\u00a0<b style=\"background-color: transparent; color: var( --e-global-color-text ); font-family: var( --e-global-typography-text-font-family ), Helvetica, Arial,Sans-serif;\">3. Ki\u015fisel Veri Aktar\u0131m\u0131<\/b><\/p><p style=\"text-align: justify;\">S\u00f6z konusu ki\u015fisel veri, olas\u0131 bir hukuki uyu\u015fmazl\u0131k veya yarg\u0131lamada delil olarak kullan\u0131labilmesi i\u00e7in,<\/p><p style=\"margin-right: 7.05pt; text-align: justify;\">hukuka uygun \u015fekilde talep edilmesi durumunda adli merciler, avukatlar\u0131m\u0131z, valilik ba\u015fta olmak \u00fczere m\u00fclki idari kurumlar ve kolluk kuvvetleri ile payla\u015f\u0131labilecektir.<\/p><p style=\"text-align: justify;\"><b>\u00a0<\/b><b style=\"background-color: transparent; color: var( --e-global-color-text ); font-family: var( --e-global-typography-text-font-family ), Helvetica, Arial,Sans-serif;\">4. Ki\u015fisel Veri Toplama Y\u00f6ntemi ve Hukuki Sebebi<\/b><\/p><p style=\"text-align: justify;\">Belirtilen ki\u015fisel veriniz, kamera ikonu ile belirtilen kamera cihazlar\u0131 arac\u0131l\u0131\u011f\u0131yla elektronik ortamda toplanmakta olup 6698 say\u0131l\u0131 Ki\u015fisel Verilerin Korunmas\u0131 Kanunun 5\/2-f bendinde belirtilen \u201cilgili ki\u015finin temel hak ve \u00f6zg\u00fcrl\u00fcklerine zarar vermemek kayd\u0131yla veri sorumlusunun me\u015fru menfaatleri i\u00e7in veri i\u015flemenin zorunlu olmas\u0131\u201d hukuki sebebine ba\u011fl\u0131 olarak i\u015flenmektedir.<\/p><p style=\"text-align: justify;\">\u00a0<b style=\"background-color: transparent; color: var( --e-global-color-text ); font-family: var( --e-global-typography-text-font-family ), Helvetica, Arial,Sans-serif;\">5. \u0130lgili Ki\u015fi (Veri sahiplerinin) Haklar\u0131<\/b><\/p><p style=\"text-align: justify;\">Bu konudaki ayr\u0131nt\u0131l\u0131 a\u00e7\u0131klama \u201ctorindustry.com\u201d adresinde yer almakla birlikte, kanunun ilgili ki\u015finin haklar\u0131n\u0131 d\u00fczenleyen 11. maddesi kapsam\u0131ndaki taleplerinizi \u201cVeri Sorumlusuna Ba\u015fvuru Usul ve Esaslar\u0131 Hakk\u0131nda Tebli\u011fe\u201d g\u00f6re \u015firket merkez adresimiz olan \u201c<span style=\"mso-fareast-font-family: 'Times New Roman'; color: black; mso-themecolor: text1; background: white;\">Ke\u00e7ilik\u00f6y OSB Mahallesi \u0130smail Sar\u0131g\u00f6zo\u011flu Caddesi No:15 Yunusemre \/ Manisa<\/span>\u201d adresine yaz\u0131l\u0131 olarak veya \u201c<span style=\"color: black; mso-color-alt: windowtext; background: white;\">tordemir@hs03.kep.tr<\/span>\u201d kay\u0131tl\u0131 elektronik posta (KEP) adresine iletebilirsiniz.<\/p>\t\t\t\t\t\t<\/div>\n\t\t\t\t<\/div>\n\t\t\t\t<\/div>\n\t\t\t\t<\/div>\n\t\t\t\t<\/div>\n\t\t\t\t\t<\/div>\n\t\t\t\t<\/div>\n\t\t\t\t\t\t\t<\/div>\n\t\t","protected":false},"excerpt":{"rendered":"<p>1. Veri Sorumlusu Bu ayd\u0131nlatma metni veri sorumlusu s\u0131fat\u0131yla hareket eden Tor Industry Metal A.\u015e. taraf\u0131ndan ki\u015fisel verilerinizin i\u015flenmesine ili\u015fkin detayl\u0131 a\u00e7\u0131klama ve bilgilendirmede bulunmak amac\u0131yla 6698 say\u0131l\u0131 KVK Kanununa uygun olarak haz\u0131rlanm\u0131\u015ft\u0131r. Bu kapsamda daha detayl\u0131 bilgiye ula\u015fabilmek i\u00e7in \u201ctorindustry.com\u201d adresinde yer alan tan\u0131t\u0131c\u0131 bilgiler ile ki\u015fisel veri saklama\/imha politikas\u0131n\u0131 ve VERB\u0130S sisteminde yer [&hellip;]<\/p>\n","protected":false},"author":1,"featured_media":0,"parent":0,"menu_order":0,"comment_status":"closed","ping_status":"closed","template":"elementor_header_footer","meta":{"footnotes":""},"class_list":["post-2348","page","type-page","status-publish","hentry"],"acf":[],"_links":{"self":[{"href":"https:\/\/torindustry.com\/tr\/wp-json\/wp\/v2\/pages\/2348","targetHints":{"allow":["GET"]}}],"collection":[{"href":"https:\/\/torindustry.com\/tr\/wp-json\/wp\/v2\/pages"}],"about":[{"href":"https:\/\/torindustry.com\/tr\/wp-json\/wp\/v2\/types\/page"}],"author":[{"embeddable":true,"href":"https:\/\/torindustry.com\/tr\/wp-json\/wp\/v2\/users\/1"}],"replies":[{"embeddable":true,"href":"https:\/\/torindustry.com\/tr\/wp-json\/wp\/v2\/comments?post=2348"}],"version-history":[{"count":13,"href":"https:\/\/torindustry.com\/tr\/wp-json\/wp\/v2\/pages\/2348\/revisions"}],"predecessor-version":[{"id":2503,"href":"https:\/\/torindustry.com\/tr\/wp-json\/wp\/v2\/pages\/2348\/revisions\/2503"}],"wp:attachment":[{"href":"https:\/\/torindustry.com\/tr\/wp-json\/wp\/v2\/media?parent=2348"}],"curies":[{"name":"wp","href":"https:\/\/api.w.org\/{rel}","templated":true}]}}