{"id":2473,"date":"2024-05-14T06:52:12","date_gmt":"2024-05-14T06:52:12","guid":{"rendered":"https:\/\/torindustry.com\/information-society-center\/"},"modified":"2024-05-14T07:39:49","modified_gmt":"2024-05-14T07:39:49","slug":"bilgi-toplumu-merkezi","status":"publish","type":"page","link":"https:\/\/torindustry.com\/tr\/bilgi-toplumu-merkezi\/","title":{"rendered":"Bilgi Toplumu Merkezi"},"content":{"rendered":"\t\t<div data-elementor-type=\"wp-page\" data-elementor-id=\"2473\" class=\"elementor elementor-2473 elementor-2463\" data-elementor-post-type=\"page\">\n\t\t\t\t\t\t\t<div class=\"elementor-element elementor-element-71fa5e46 e-flex e-con-boxed e-con e-parent\" data-id=\"71fa5e46\" data-element_type=\"container\" data-settings=\"{&quot;background_background&quot;:&quot;classic&quot;,&quot;content_width&quot;:&quot;boxed&quot;}\" data-core-v316-plus=\"true\">\n\t\t\t\t\t<div class=\"e-con-inner\">\n\t\t<div class=\"elementor-element elementor-element-7cf6d42b e-con-full e-flex e-con e-child\" data-id=\"7cf6d42b\" data-element_type=\"container\" data-settings=\"{&quot;content_width&quot;:&quot;full&quot;}\">\n\t\t<div class=\"elementor-element elementor-element-4035d15b e-con-full e-flex e-con e-child\" data-id=\"4035d15b\" data-element_type=\"container\" data-settings=\"{&quot;content_width&quot;:&quot;full&quot;}\">\n\t\t\t\t<\/div>\n\t\t\t\t<\/div>\n\t\t\t\t\t<\/div>\n\t\t\t\t<\/div>\n\t\t<div class=\"elementor-element elementor-element-30e0cb10 e-flex e-con-boxed e-con e-parent\" data-id=\"30e0cb10\" data-element_type=\"container\" data-settings=\"{&quot;background_background&quot;:&quot;classic&quot;,&quot;content_width&quot;:&quot;boxed&quot;}\" data-core-v316-plus=\"true\">\n\t\t\t\t\t<div class=\"e-con-inner\">\n\t\t<div class=\"elementor-element elementor-element-79538548 e-con-full e-flex e-con e-child\" data-id=\"79538548\" data-element_type=\"container\" data-settings=\"{&quot;content_width&quot;:&quot;full&quot;}\">\n\t\t<div class=\"elementor-element elementor-element-666a5e92 e-con-full e-flex elementor-invisible e-con e-child\" data-id=\"666a5e92\" data-element_type=\"container\" data-settings=\"{&quot;animation_mobile&quot;:&quot;none&quot;,&quot;animation&quot;:&quot;slideInUp&quot;,&quot;content_width&quot;:&quot;full&quot;}\">\n\t\t<div class=\"elementor-element elementor-element-4d22d788 e-con-full e-flex e-con e-child\" data-id=\"4d22d788\" data-element_type=\"container\" data-settings=\"{&quot;content_width&quot;:&quot;full&quot;}\">\n\t\t\t\t<div class=\"elementor-element elementor-element-033ebda elementor-widget elementor-widget-heading\" data-id=\"033ebda\" data-element_type=\"widget\" data-widget_type=\"heading.default\">\n\t\t\t\t<div class=\"elementor-widget-container\">\n\t\t\t<style>\/*! elementor - v3.18.0 - 08-12-2023 *\/\n.elementor-heading-title{padding:0;margin:0;line-height:1}.elementor-widget-heading .elementor-heading-title[class*=elementor-size-]>a{color:inherit;font-size:inherit;line-height:inherit}.elementor-widget-heading .elementor-heading-title.elementor-size-small{font-size:15px}.elementor-widget-heading .elementor-heading-title.elementor-size-medium{font-size:19px}.elementor-widget-heading .elementor-heading-title.elementor-size-large{font-size:29px}.elementor-widget-heading .elementor-heading-title.elementor-size-xl{font-size:39px}.elementor-widget-heading .elementor-heading-title.elementor-size-xxl{font-size:59px}<\/style><h2 class=\"elementor-heading-title elementor-size-default\">\u015eirket Bilgileri<\/h2>\t\t<\/div>\n\t\t\t\t<\/div>\n\t\t\t\t<div class=\"elementor-element elementor-element-5e89002e elementor-widget elementor-widget-text-editor\" data-id=\"5e89002e\" data-element_type=\"widget\" data-widget_type=\"text-editor.default\">\n\t\t\t\t<div class=\"elementor-widget-container\">\n\t\t\t<style>\/*! elementor - v3.18.0 - 08-12-2023 *\/\n.elementor-widget-text-editor.elementor-drop-cap-view-stacked .elementor-drop-cap{background-color:#69727d;color:#fff}.elementor-widget-text-editor.elementor-drop-cap-view-framed .elementor-drop-cap{color:#69727d;border:3px solid;background-color:transparent}.elementor-widget-text-editor:not(.elementor-drop-cap-view-default) .elementor-drop-cap{margin-top:8px}.elementor-widget-text-editor:not(.elementor-drop-cap-view-default) .elementor-drop-cap-letter{width:1em;height:1em}.elementor-widget-text-editor .elementor-drop-cap{float:left;text-align:center;line-height:1;font-size:50px}.elementor-widget-text-editor .elementor-drop-cap-letter{display:inline-block}<\/style>\t\t\t\t<table><thead><tr><td>Mersis<\/td><td><span style=\"font-weight: 400; font-style: normal;\">0855041944400015<\/span><\/td><\/tr><\/thead><tbody><tr><td><span style=\"font-size: 10pt; color: #333333; background-color: transparent; font-variant-numeric: normal; font-variant-east-asian: normal; font-variant-alternates: normal; font-variant-position: normal; vertical-align: baseline; white-space-collapse: preserve;\">Ticari Sicil Numaras\u0131<\/span><\/td><td>16292<\/td><\/tr><tr><td><span style=\"font-size: 10pt; color: #333333; background-color: transparent; font-variant-numeric: normal; font-variant-east-asian: normal; font-variant-alternates: normal; font-variant-position: normal; vertical-align: baseline; white-space-collapse: preserve;\">Ticari Sicil Memurlu\u011fu<\/span><\/td><td>Manisa<\/td><\/tr><tr><td><span style=\"font-size: 10pt; font-family: Arial, sans-serif; color: #333333; background-color: transparent; font-variant-numeric: normal; font-variant-east-asian: normal; font-variant-alternates: normal; font-variant-position: normal; vertical-align: baseline; white-space-collapse: preserve;\">Firma \u00dcnvan<\/span><\/td><td>TOR INDUSTRY METAL A.\u015e.<\/td><\/tr><tr><td>Adres<\/td><td><span id=\"docs-internal-guid-98246b05-7fff-bf1d-88c2-b2d93f6dfcfd\"><span style=\"font-size: 10pt; font-family: Arial, sans-serif; color: #808080; background-color: transparent; font-variant-numeric: normal; font-variant-east-asian: normal; font-variant-alternates: normal; font-variant-position: normal; vertical-align: baseline; white-space-collapse: preserve;\">MOSB 4.K\u0131s\u0131m Ke\u00e7ilik\u00f6y Osb Mh. \u0130smail Sar\u0131g\u00f6zo\u011flu Cad. No:15 Yunusemre-Manisa<\/span><\/span><\/td><\/tr><tr><td><span id=\"docs-internal-guid-e9088f55-7fff-69da-cdaf-7d3a95babd02\"><span style=\"font-size: 10pt; font-family: Arial, sans-serif; color: #333333; background-color: transparent; font-variant-numeric: normal; font-variant-east-asian: normal; font-variant-alternates: normal; font-variant-position: normal; vertical-align: baseline; white-space-collapse: preserve;\">Taah\u00fct Edilen Sermaye Miktar\u0131<\/span><\/span><\/td><td>14.000.000 TL<\/td><\/tr><tr><td><span id=\"docs-internal-guid-f537da96-7fff-8889-c271-6638e516cae5\"><span style=\"font-size: 10pt; font-family: Arial, sans-serif; color: #333333; background-color: transparent; font-variant-numeric: normal; font-variant-east-asian: normal; font-variant-alternates: normal; font-variant-position: normal; vertical-align: baseline; white-space-collapse: preserve;\">\u00d6denmi\u015f Sermaye Miktar\u0131<\/span><\/span><\/td><td>14.000.000 TL<\/td><\/tr><tr><td><span id=\"docs-internal-guid-5957c43e-7fff-9c6a-5c24-ae8e8d19e6d6\"><span style=\"font-size: 10pt; font-family: Arial, sans-serif; color: #333333; background-color: transparent; font-variant-numeric: normal; font-variant-east-asian: normal; font-variant-alternates: normal; font-variant-position: normal; vertical-align: baseline; white-space-collapse: preserve;\">Vergi Dairesi<\/span><\/span><\/td><td>Mesir<\/td><\/tr><tr><td><span id=\"docs-internal-guid-2e26b31f-7fff-ade3-949d-bfe5e48bb707\"><span style=\"font-size: 10pt; font-family: Arial, sans-serif; color: #333333; background-color: transparent; font-variant-numeric: normal; font-variant-east-asian: normal; font-variant-alternates: normal; font-variant-position: normal; vertical-align: baseline; white-space-collapse: preserve;\">Vergi Numaras\u0131<\/span><\/span><\/td><td>8550419444<\/td><\/tr><\/tbody><\/table>\t\t\t\t\t\t<\/div>\n\t\t\t\t<\/div>\n\t\t\t\t<div class=\"elementor-element elementor-element-d8dc6aa elementor-widget elementor-widget-heading\" data-id=\"d8dc6aa\" data-element_type=\"widget\" data-widget_type=\"heading.default\">\n\t\t\t\t<div class=\"elementor-widget-container\">\n\t\t\t<h2 class=\"elementor-heading-title elementor-size-default\">Y\u00f6netim Kurulu<\/h2>\t\t<\/div>\n\t\t\t\t<\/div>\n\t\t\t\t<div class=\"elementor-element elementor-element-6da771f elementor-widget elementor-widget-text-editor\" data-id=\"6da771f\" data-element_type=\"widget\" data-widget_type=\"text-editor.default\">\n\t\t\t\t<div class=\"elementor-widget-container\">\n\t\t\t\t\t\t\t<style type=\"text\/css\">\n.tg  {border-collapse:collapse;border-spacing:0;}<br \/>.tg td{border-color:black;border-style:solid;border-width:1px;font-family:Arial, sans-serif;font-size:14px;<br \/>  overflow:hidden;padding:10px 5px;word-break:normal;}<br \/>.tg th{border-color:black;border-style:solid;border-width:1px;font-family:Arial, sans-serif;font-size:14px;<br \/>  font-weight:normal;overflow:hidden;padding:10px 5px;word-break:normal;}<br \/>.tg .tg-0lax{text-align:left;vertical-align:top}<br \/><\/style>\n<table class=\"tg\">\n<thead>\n<tr>\n<td class=\"tg-0lax\">Ad Soyad<\/td>\n<td class=\"tg-0lax\">Emre K\u0131z\u0131lg\u00fcne\u015fler<\/td>\n<\/tr>\n<\/thead>\n<tbody>\n<tr>\n<td class=\"tg-0lax\">G\u00f6rev S\u00fcresi<\/td>\n<td class=\"tg-0lax\">01.06.2023 \u2013 01.12.2025<\/td>\n<\/tr>\n<tr>\n<td class=\"tg-0lax\" colspan=\"2\">Y\u00f6netim Kurulu Ba\u015fkan Vekili<\/td>\n<\/tr>\n<tr>\n<td class=\"tg-0lax\">Ad Soyad<\/td>\n<td class=\"tg-0lax\">Mustafa Sabri \u00dcnl\u00fct\u00fcrk<\/td>\n<\/tr>\n<tr>\n<td class=\"tg-0lax\">G\u00f6rev S\u00fcresi<\/td>\n<td class=\"tg-0lax\">01.06.2023 \u2013 01.12.2025<\/td>\n<\/tr>\n<tr>\n<td class=\"tg-0lax\" colspan=\"2\">Y\u00f6netim Kurulu \u00dcyesi<\/td>\n<\/tr>\n<tr>\n<td class=\"tg-0lax\">Ad Soyad<\/td>\n<td class=\"tg-0lax\">Mehmet Muammer \u00dcnl\u00fct\u00fcrk<\/td>\n<\/tr>\n<tr>\n<td class=\"tg-0lax\">G\u00f6rev S\u00fcresi<\/td>\n<td class=\"tg-0lax\">01.06.2023 \u2013 01.12.2025<\/td>\n<\/tr>\n<tr>\n<td class=\"tg-0lax\" colspan=\"2\">Y\u00f6netim Kurulu \u00dcyesi<\/td>\n<\/tr>\n<tr>\n<td class=\"tg-0lax\">Ad Soyad<\/td>\n<td class=\"tg-0lax\">Cesim Duruk<\/td>\n<\/tr>\n<tr>\n<td class=\"tg-0lax\">G\u00f6rev S\u00fcresi<\/td>\n<td class=\"tg-0lax\">01.06.2023 \u2013 01.12.2025<\/td>\n<\/tr>\n<tr>\n<td class=\"tg-0lax\" colspan=\"2\">Y\u00f6netim Kurulu Ba\u015fkan\u0131<\/td>\n<\/tr>\n<tr>\n<td class=\"tg-0lax\">Ad Soyad<\/td>\n<td class=\"tg-0lax\">Cihan Yer<\/td>\n<\/tr>\n<tr>\n<td class=\"tg-0lax\">G\u00f6rev S\u00fcresi<\/td>\n<td class=\"tg-0lax\">01.06.2023 \u2013 01.12.2025<\/td>\n<\/tr>\n<\/tbody>\n<\/table>\t\t\t\t\t\t<\/div>\n\t\t\t\t<\/div>\n\t\t\t\t<div class=\"elementor-element elementor-element-e104853 elementor-widget elementor-widget-heading\" data-id=\"e104853\" data-element_type=\"widget\" data-widget_type=\"heading.default\">\n\t\t\t\t<div class=\"elementor-widget-container\">\n\t\t\t<h2 class=\"elementor-heading-title elementor-size-default\">Denet\u00e7i<\/h2>\t\t<\/div>\n\t\t\t\t<\/div>\n\t\t\t\t<div class=\"elementor-element elementor-element-8f8aa2a elementor-widget elementor-widget-text-editor\" data-id=\"8f8aa2a\" data-element_type=\"widget\" data-widget_type=\"text-editor.default\">\n\t\t\t\t<div class=\"elementor-widget-container\">\n\t\t\t\t\t\t\t<style type=\"text\/css\">\n.tg  {border-collapse:collapse;border-spacing:0;}<br \/>.tg td{border-color:black;border-style:solid;border-width:1px;font-family:Arial, sans-serif;font-size:14px;<br \/>  overflow:hidden;padding:10px 5px;word-break:normal;}<br \/>.tg th{border-color:black;border-style:solid;border-width:1px;font-family:Arial, sans-serif;font-size:14px;<br \/>  font-weight:normal;overflow:hidden;padding:10px 5px;word-break:normal;}<br \/>.tg .tg-0lax{text-align:left;vertical-align:top}<br \/>.tg .tg-d16n{background-color:rgba(0, 0, 0, 0.05);color:#222;text-align:left;vertical-align:top}<br \/><\/style>\n<table class=\"tg\">\n<thead>\n<tr>\n<td class=\"tg-0lax\"><span style=\"font-style: normal; text-decoration: none;\">Mersis<\/span><\/th>\n<td class=\"tg-0lax\"><span style=\"font-weight: 400; font-style: normal; text-decoration: none;\">0782005618900001<\/span><\/td>\n<\/tr>\n<\/thead>\n<tbody>\n<tr>\n<td class=\"tg-0lax\"><span style=\"font-weight: 400;\">Ticari Sicil Numaras\u0131<\/span><\/td>\n<td class=\"tg-0lax\"><span style=\"font-weight: 400; font-style: normal; text-decoration: none;\">Merkez-65210<\/span><\/td>\n<\/tr>\n<tr>\n<td class=\"tg-0lax\"><span style=\"font-weight: 400;\">Ticari Sicil Memurlu\u011fu<\/span><\/td>\n<td class=\"tg-0lax\"><span style=\"font-weight: 400; font-style: normal; text-decoration: none;\">Izmir<\/span><\/td>\n<\/tr>\n<tr>\n<td class=\"tg-0lax\"><span style=\"font-weight: 400;\">D\u00f6nem Ba\u015flang\u0131\u00e7 Tarihi<\/span><\/td>\n<td class=\"tg-0lax\"><span style=\"font-weight: 400; font-style: normal; text-decoration: none;\">01.01.2023<\/span><\/td>\n<\/tr>\n<tr>\n<td class=\"tg-0lax\"><span style=\"font-weight: 400;\">D\u00f6nem Biti\u015f Tarihi<\/span><\/td>\n<td class=\"tg-0lax\"><span style=\"font-weight: 400; font-style: normal; text-decoration: none;\">31.12.2023<\/span><\/td>\n<\/tr>\n<tr>\n<td class=\"tg-0lax\"><span style=\"font-weight: 400; font-style: normal; text-decoration: none;\">\u00dcnvan:<\/span><\/td>\n<td class=\"tg-d16n\"><span style=\"font-weight: 400; font-style: normal; text-decoration: none;\">Sun Independent Independent Audit and Sworn Financial Consultancy Inc.<\/span><\/td>\n<\/tr>\n<tr>\n<td class=\"tg-0lax\"><span style=\"font-weight: 400; font-style: normal; text-decoration: none;\">Adres:<\/span><\/td>\n<td class=\"tg-0lax\"><span style=\"font-weight: 400; font-style: normal; text-decoration: none;\">H\u00fcrriyet Boulevard No:5\/1 Musullugil Business Center K:6-7 \u00c7ankaya Konak-\u0130zmir<\/span><\/td>\n<\/tr>\n<\/tbody>\n<\/table>\t\t\t\t\t\t<\/div>\n\t\t\t\t<\/div>\n\t\t\t\t<div class=\"elementor-element elementor-element-f35e92d elementor-widget elementor-widget-heading\" data-id=\"f35e92d\" data-element_type=\"widget\" data-widget_type=\"heading.default\">\n\t\t\t\t<div class=\"elementor-widget-container\">\n\t\t\t<h2 class=\"elementor-heading-title elementor-size-default\">Belge \u0130\u015flemleri<\/h2>\t\t<\/div>\n\t\t\t\t<\/div>\n\t\t\t\t<div class=\"elementor-element elementor-element-7eaaa96 elementor-widget elementor-widget-text-editor\" data-id=\"7eaaa96\" data-element_type=\"widget\" data-widget_type=\"text-editor.default\">\n\t\t\t\t<div class=\"elementor-widget-container\">\n\t\t\t\t\t\t\t<p><span style=\"font-weight: 400;\">\u00a021 Eyl\u00fcl 2013 Tarih, 28772 Say\u0131l\u0131 Resmi gazetede yay\u0131mlanan Sermaye \u015eirketlerinin A\u00e7acaklar\u0131 \u0130nternet Sitelerine Dair Y\u00f6netmelik kapsam\u0131, 6.madde 3.f\u0131kras\u0131nda belirtildi\u011fi \u00fczere 6 ay\u0131 a\u015fan s\u00fcredeki belgeler otomatik olarak ar\u015fivlenmektedir.<\/span><\/p>\t\t\t\t\t\t<\/div>\n\t\t\t\t<\/div>\n\t\t\t\t<\/div>\n\t\t\t\t<\/div>\n\t\t\t\t<\/div>\n\t\t\t\t\t<\/div>\n\t\t\t\t<\/div>\n\t\t\t\t\t\t\t<\/div>\n\t\t","protected":false},"excerpt":{"rendered":"<p>\u015eirket Bilgileri Mersis 0855041944400015 Ticari Sicil Numaras\u0131 16292 Ticari Sicil Memurlu\u011fu Manisa Firma \u00dcnvan TOR INDUSTRY METAL A.\u015e. Adres MOSB 4.K\u0131s\u0131m Ke\u00e7ilik\u00f6y Osb Mh. \u0130smail Sar\u0131g\u00f6zo\u011flu Cad. No:15 Yunusemre-Manisa Taah\u00fct Edilen Sermaye Miktar\u0131 14.000.000 TL \u00d6denmi\u015f Sermaye Miktar\u0131 14.000.000 TL Vergi Dairesi Mesir Vergi Numaras\u0131 8550419444 Y\u00f6netim Kurulu Ad Soyad Emre K\u0131z\u0131lg\u00fcne\u015fler G\u00f6rev S\u00fcresi 01.06.2023 [&hellip;]<\/p>\n","protected":false},"author":1,"featured_media":0,"parent":0,"menu_order":0,"comment_status":"closed","ping_status":"closed","template":"elementor_header_footer","meta":{"footnotes":""},"class_list":["post-2473","page","type-page","status-publish","hentry"],"acf":[],"_links":{"self":[{"href":"https:\/\/torindustry.com\/tr\/wp-json\/wp\/v2\/pages\/2473","targetHints":{"allow":["GET"]}}],"collection":[{"href":"https:\/\/torindustry.com\/tr\/wp-json\/wp\/v2\/pages"}],"about":[{"href":"https:\/\/torindustry.com\/tr\/wp-json\/wp\/v2\/types\/page"}],"author":[{"embeddable":true,"href":"https:\/\/torindustry.com\/tr\/wp-json\/wp\/v2\/users\/1"}],"replies":[{"embeddable":true,"href":"https:\/\/torindustry.com\/tr\/wp-json\/wp\/v2\/comments?post=2473"}],"version-history":[{"count":7,"href":"https:\/\/torindustry.com\/tr\/wp-json\/wp\/v2\/pages\/2473\/revisions"}],"predecessor-version":[{"id":2481,"href":"https:\/\/torindustry.com\/tr\/wp-json\/wp\/v2\/pages\/2473\/revisions\/2481"}],"wp:attachment":[{"href":"https:\/\/torindustry.com\/tr\/wp-json\/wp\/v2\/media?parent=2473"}],"curies":[{"name":"wp","href":"https:\/\/api.w.org\/{rel}","templated":true}]}}